{"id":758,"date":"2025-03-26T14:47:23","date_gmt":"2025-03-26T18:47:23","guid":{"rendered":"https:\/\/foreverfireflies.com\/karroce\/"},"modified":"2025-03-29T00:43:17","modified_gmt":"2025-03-29T04:43:17","slug":"karroce","status":"publish","type":"page","link":"https:\/\/foreverfireflies.com\/sq\/karroce\/","title":{"rendered":"Karroc\u00eb"},"content":{"rendered":"\n<div data-block-name=\"woocommerce\/cart\" class=\"wp-block-woocommerce-cart alignwide is-loading\">\n<div data-block-name=\"woocommerce\/filled-cart-block\" class=\"wp-block-woocommerce-filled-cart-block\">\n<div data-block-name=\"woocommerce\/cart-items-block\" class=\"wp-block-woocommerce-cart-items-block\">\n<div data-block-name=\"woocommerce\/cart-line-items-block\" class=\"wp-block-woocommerce-cart-line-items-block\"><\/div>\n\n\n\n<div data-block-name=\"woocommerce\/cart-cross-sells-block\" class=\"wp-block-woocommerce-cart-cross-sells-block\">\n<h2 class=\"wp-block-heading has-large-font-size\">Ju mund t\u00eb jeni t\u00eb interesuar n\u00eb\u2026<\/h2>\n\n\n\n<div data-block-name=\"woocommerce\/cart-cross-sells-products-block\" class=\"wp-block-woocommerce-cart-cross-sells-products-block\"><\/div>\n<\/div>\n<\/div>\n\n\n\n<div data-block-name=\"woocommerce\/cart-totals-block\" class=\"wp-block-woocommerce-cart-totals-block\">\n<div data-block-name=\"woocommerce\/cart-order-summary-block\" class=\"wp-block-woocommerce-cart-order-summary-block\">\n<div data-block-name=\"woocommerce\/cart-order-summary-heading-block\" class=\"wp-block-woocommerce-cart-order-summary-heading-block\"><\/div><div data-block-name=\"woocommerce\/cart-order-summary-coupon-form-block\" class=\"wp-block-woocommerce-cart-order-summary-coupon-form-block\"><\/div><div data-block-name=\"woocommerce\/cart-order-summary-totals-block\" class=\"wp-block-woocommerce-cart-order-summary-totals-block\">\n<div data-block-name=\"woocommerce\/cart-order-summary-subtotal-block\" class=\"wp-block-woocommerce-cart-order-summary-subtotal-block\"><\/div>\n<div data-block-name=\"woocommerce\/cart-order-summary-discount-block\" class=\"wp-block-woocommerce-cart-order-summary-discount-block\"><\/div>\n<div data-block-name=\"woocommerce\/cart-order-summary-fee-block\" class=\"wp-block-woocommerce-cart-order-summary-fee-block\"><\/div>\n<div data-block-name=\"woocommerce\/cart-order-summary-shipping-block\" class=\"wp-block-woocommerce-cart-order-summary-shipping-block\"><\/div>\n<div data-block-name=\"woocommerce\/cart-order-summary-taxes-block\" class=\"wp-block-woocommerce-cart-order-summary-taxes-block\"><\/div><\/div>\n<\/div>\n\n\n\n<div data-block-name=\"woocommerce\/cart-express-payment-block\" class=\"wp-block-woocommerce-cart-express-payment-block\"><\/div>\n\n\n\n<div data-block-name=\"woocommerce\/proceed-to-checkout-block\" class=\"wp-block-woocommerce-proceed-to-checkout-block\"><\/div>\n\n\n\n<div data-block-name=\"woocommerce\/cart-accepted-payment-methods-block\" class=\"wp-block-woocommerce-cart-accepted-payment-methods-block\"><\/div>\n<\/div>\n<\/div>\n\n\n\n<div data-block-name=\"woocommerce\/empty-cart-block\" class=\"wp-block-woocommerce-empty-cart-block\">\n<h2 class=\"wp-block-heading has-text-align-center with-empty-cart-icon wc-block-cart__empty-cart__title\">Shporta juaj \u00ebsht\u00eb aktualisht bosh!<\/h2>\n\n\n\n<hr class=\"wp-block-separator has-alpha-channel-opacity is-style-dots\"\/>\n\n\n\n<h2 class=\"wp-block-heading has-text-align-center\">E re ne dyqan<\/h2>\n\n\n<div data-block-name=\"woocommerce\/product-new\" data-columns=\"4\" data-rows=\"1\" class=\"wc-block-grid wp-block-product-new wp-block-woocommerce-product-new wc-block-product-new has-4-columns\"><ul class=\"wc-block-grid__products\"><li class=\"wc-block-grid__product\">\n\t\t\t\t<a href=\"https:\/\/foreverfireflies.com\/product\/belt-2\/\" class=\"wc-block-grid__product-link\">\n\t\t\t\t\t\n\t\t\t\t\t<div class=\"wc-block-grid__product-image\"><img loading=\"lazy\" decoding=\"async\" width=\"450\" height=\"450\" src=\"https:\/\/i0.wp.com\/foreverfireflies.com\/wp-content\/uploads\/woocommerce-placeholder.png?resize=450%2C450&amp;ssl=1\" class=\"woocommerce-placeholder wp-post-image\" alt=\"\" srcset=\"https:\/\/i0.wp.com\/foreverfireflies.com\/wp-content\/uploads\/woocommerce-placeholder.png?w=1200&amp;ssl=1 1200w, https:\/\/i0.wp.com\/foreverfireflies.com\/wp-content\/uploads\/woocommerce-placeholder.png?resize=300%2C300&amp;ssl=1 300w, https:\/\/i0.wp.com\/foreverfireflies.com\/wp-content\/uploads\/woocommerce-placeholder.png?resize=1024%2C1024&amp;ssl=1 1024w, https:\/\/i0.wp.com\/foreverfireflies.com\/wp-content\/uploads\/woocommerce-placeholder.png?resize=150%2C150&amp;ssl=1 150w, https:\/\/i0.wp.com\/foreverfireflies.com\/wp-content\/uploads\/woocommerce-placeholder.png?resize=768%2C768&amp;ssl=1 768w, https:\/\/i0.wp.com\/foreverfireflies.com\/wp-content\/uploads\/woocommerce-placeholder.png?resize=800%2C800&amp;ssl=1 800w, https:\/\/i0.wp.com\/foreverfireflies.com\/wp-content\/uploads\/woocommerce-placeholder.png?resize=600%2C600&amp;ssl=1 600w, https:\/\/i0.wp.com\/foreverfireflies.com\/wp-content\/uploads\/woocommerce-placeholder.png?resize=400%2C400&amp;ssl=1 400w, https:\/\/i0.wp.com\/foreverfireflies.com\/wp-content\/uploads\/woocommerce-placeholder.png?resize=200%2C200&amp;ssl=1 200w\" sizes=\"auto, (max-width: 450px) 100vw, 450px\" data-attachment-id=\"1449\" data-permalink=\"https:\/\/foreverfireflies.com\/sq\/woocommerce-placeholder\/\" data-orig-file=\"https:\/\/i0.wp.com\/foreverfireflies.com\/wp-content\/uploads\/woocommerce-placeholder.png?fit=1200%2C1200&amp;ssl=1\" data-orig-size=\"1200,1200\" data-comments-opened=\"1\" data-image-meta=\"{&quot;aperture&quot;:&quot;0&quot;,&quot;credit&quot;:&quot;&quot;,&quot;camera&quot;:&quot;&quot;,&quot;caption&quot;:&quot;&quot;,&quot;created_timestamp&quot;:&quot;0&quot;,&quot;copyright&quot;:&quot;&quot;,&quot;focal_length&quot;:&quot;0&quot;,&quot;iso&quot;:&quot;0&quot;,&quot;shutter_speed&quot;:&quot;0&quot;,&quot;title&quot;:&quot;&quot;,&quot;orientation&quot;:&quot;0&quot;}\" data-image-title=\"woocommerce-placeholder\" data-image-description=\"\" data-image-caption=\"\" data-large-file=\"https:\/\/i0.wp.com\/foreverfireflies.com\/wp-content\/uploads\/woocommerce-placeholder.png?fit=1024%2C1024&amp;ssl=1\" \/><\/div>\n\t\t\t\t\t<div class=\"wc-block-grid__product-title\">Belt<\/div>\n\t\t\t\t<\/a>\n\t\t\t\t<div class=\"wc-block-grid__product-price price\"><\/div>\n\t\t\t\t\n\t\t\t\t<div class=\"wp-block-button wc-block-grid__product-add-to-cart\"><a href=\"https:\/\/foreverfireflies.com\/product\/belt-2\/\" aria-label=\"Read more about &ldquo;Belt&rdquo;\" data-quantity=\"1\" data-product_id=\"1454\" data-product_sku=\"\" data-price=\"0\" rel=\"nofollow\" class=\"wp-block-button__link wp-element-button add_to_cart_button\">Read more<\/a><\/div>\n\t\t\t<\/li><li class=\"wc-block-grid__product\">\n\t\t\t\t<a href=\"https:\/\/foreverfireflies.com\/product\/belt\/\" class=\"wc-block-grid__product-link\">\n\t\t\t\t\t<div class=\"wc-block-grid__product-onsale\">\n\t\t\t<span aria-hidden=\"true\">Shitje<\/span>\n\t\t\t<span class=\"screen-reader-text\">Produkt n\u00eb shitje<\/span>\n\t\t<\/div>\n\t\t\t\t\t<div class=\"wc-block-grid__product-image\"><img loading=\"lazy\" decoding=\"async\" width=\"450\" height=\"450\" src=\"https:\/\/i0.wp.com\/foreverfireflies.com\/wp-content\/uploads\/woocommerce-placeholder.png?resize=450%2C450&amp;ssl=1\" class=\"woocommerce-placeholder wp-post-image\" alt=\"\" srcset=\"https:\/\/i0.wp.com\/foreverfireflies.com\/wp-content\/uploads\/woocommerce-placeholder.png?w=1200&amp;ssl=1 1200w, https:\/\/i0.wp.com\/foreverfireflies.com\/wp-content\/uploads\/woocommerce-placeholder.png?resize=300%2C300&amp;ssl=1 300w, https:\/\/i0.wp.com\/foreverfireflies.com\/wp-content\/uploads\/woocommerce-placeholder.png?resize=1024%2C1024&amp;ssl=1 1024w, https:\/\/i0.wp.com\/foreverfireflies.com\/wp-content\/uploads\/woocommerce-placeholder.png?resize=150%2C150&amp;ssl=1 150w, https:\/\/i0.wp.com\/foreverfireflies.com\/wp-content\/uploads\/woocommerce-placeholder.png?resize=768%2C768&amp;ssl=1 768w, https:\/\/i0.wp.com\/foreverfireflies.com\/wp-content\/uploads\/woocommerce-placeholder.png?resize=800%2C800&amp;ssl=1 800w, https:\/\/i0.wp.com\/foreverfireflies.com\/wp-content\/uploads\/woocommerce-placeholder.png?resize=600%2C600&amp;ssl=1 600w, https:\/\/i0.wp.com\/foreverfireflies.com\/wp-content\/uploads\/woocommerce-placeholder.png?resize=400%2C400&amp;ssl=1 400w, https:\/\/i0.wp.com\/foreverfireflies.com\/wp-content\/uploads\/woocommerce-placeholder.png?resize=200%2C200&amp;ssl=1 200w\" sizes=\"auto, (max-width: 450px) 100vw, 450px\" data-attachment-id=\"1449\" data-permalink=\"https:\/\/foreverfireflies.com\/sq\/woocommerce-placeholder\/\" data-orig-file=\"https:\/\/i0.wp.com\/foreverfireflies.com\/wp-content\/uploads\/woocommerce-placeholder.png?fit=1200%2C1200&amp;ssl=1\" data-orig-size=\"1200,1200\" data-comments-opened=\"1\" data-image-meta=\"{&quot;aperture&quot;:&quot;0&quot;,&quot;credit&quot;:&quot;&quot;,&quot;camera&quot;:&quot;&quot;,&quot;caption&quot;:&quot;&quot;,&quot;created_timestamp&quot;:&quot;0&quot;,&quot;copyright&quot;:&quot;&quot;,&quot;focal_length&quot;:&quot;0&quot;,&quot;iso&quot;:&quot;0&quot;,&quot;shutter_speed&quot;:&quot;0&quot;,&quot;title&quot;:&quot;&quot;,&quot;orientation&quot;:&quot;0&quot;}\" data-image-title=\"woocommerce-placeholder\" data-image-description=\"\" data-image-caption=\"\" data-large-file=\"https:\/\/i0.wp.com\/foreverfireflies.com\/wp-content\/uploads\/woocommerce-placeholder.png?fit=1024%2C1024&amp;ssl=1\" \/><\/div>\n\t\t\t\t\t<div class=\"wc-block-grid__product-title\">Belt<\/div>\n\t\t\t\t<\/a>\n\t\t\t\t<div class=\"wc-block-grid__product-price price\"><del aria-hidden=\"true\"><span class=\"woocommerce-Price-amount amount\"><span class=\"woocommerce-Price-currencySymbol\">&#036;<\/span>65.00<\/span><\/del> <span class=\"screen-reader-text\">\u00c7mimi fillestar ishte: &#036;65.00.<\/span><ins aria-hidden=\"true\"><span class=\"woocommerce-Price-amount amount\"><span class=\"woocommerce-Price-currencySymbol\">&#036;<\/span>55.00<\/span><\/ins><span class=\"screen-reader-text\">\u00c7mimi aktual \u00ebsht\u00eb: &#036;55.00.<\/span><\/div>\n\t\t\t\t\n\t\t\t\t<div class=\"wp-block-button wc-block-grid__product-add-to-cart\"><a href=\"\/sq\/wp-json\/wp\/v2\/pages\/758?add-to-cart=110\" aria-label=\"Add to cart: &ldquo;Belt&rdquo;\" data-quantity=\"1\" data-product_id=\"110\" data-product_sku=\"woo-belt\" data-price=\"55\" rel=\"nofollow\" class=\"wp-block-button__link wp-element-button add_to_cart_button ajax_add_to_cart\">Shto n\u00eb shport\u00eb<\/a><\/div>\n\t\t\t<\/li><\/ul><\/div><\/div>\n<\/div>\n","protected":false},"excerpt":{"rendered":"","protected":false},"author":1,"featured_media":0,"parent":0,"menu_order":0,"comment_status":"closed","ping_status":"closed","template":"","meta":{"footnotes":""},"class_list":["post-758","page","type-page","status-publish","hentry"],"yoast_head":"<!-- This site is optimized with the Yoast SEO plugin v27.4 - https:\/\/yoast.com\/product\/yoast-seo-wordpress\/ -->\n<title>Karroc\u00eb - Forever Fireflies<\/title>\n<meta name=\"robots\" content=\"index, nofollow, max-snippet:-1, max-image-preview:large, max-video-preview:-1\" \/>\n<link rel=\"canonical\" href=\"https:\/\/foreverfireflies.com\/sq\/karroce\/\" \/>\n<meta property=\"og:locale\" content=\"sq_AL\" \/>\n<meta property=\"og:type\" content=\"article\" \/>\n<meta property=\"og:title\" content=\"Karroc\u00eb - Forever Fireflies\" \/>\n<meta property=\"og:url\" content=\"https:\/\/foreverfireflies.com\/sq\/karroce\/\" \/>\n<meta property=\"og:site_name\" content=\"Forever Fireflies\" \/>\n<meta property=\"article:modified_time\" content=\"2025-03-29T04:43:17+00:00\" \/>\n<meta name=\"twitter:card\" content=\"summary_large_image\" \/>\n<script type=\"application\/ld+json\" class=\"yoast-schema-graph\">{\"@context\":\"https:\\\/\\\/schema.org\",\"@graph\":[{\"@type\":\"WebPage\",\"@id\":\"https:\\\/\\\/foreverfireflies.com\\\/sq\\\/karroce\\\/\",\"url\":\"https:\\\/\\\/foreverfireflies.com\\\/sq\\\/karroce\\\/\",\"name\":\"Karroc\u00eb - Forever Fireflies\",\"isPartOf\":{\"@id\":\"https:\\\/\\\/foreverfireflies.com\\\/sq\\\/#website\"},\"datePublished\":\"2025-03-26T18:47:23+00:00\",\"dateModified\":\"2025-03-29T04:43:17+00:00\",\"breadcrumb\":{\"@id\":\"https:\\\/\\\/foreverfireflies.com\\\/sq\\\/karroce\\\/#breadcrumb\"},\"inLanguage\":\"sq-AL\",\"potentialAction\":[{\"@type\":\"ReadAction\",\"target\":[\"https:\\\/\\\/foreverfireflies.com\\\/sq\\\/karroce\\\/\"]}]},{\"@type\":\"BreadcrumbList\",\"@id\":\"https:\\\/\\\/foreverfireflies.com\\\/sq\\\/karroce\\\/#breadcrumb\",\"itemListElement\":[{\"@type\":\"ListItem\",\"position\":1,\"name\":\"Sht\u00ebpi\",\"item\":\"https:\\\/\\\/foreverfireflies.com\\\/sq\\\/\"},{\"@type\":\"ListItem\",\"position\":2,\"name\":\"Karroc\u00eb\"}]},{\"@type\":\"WebSite\",\"@id\":\"https:\\\/\\\/foreverfireflies.com\\\/sq\\\/#website\",\"url\":\"https:\\\/\\\/foreverfireflies.com\\\/sq\\\/\",\"name\":\"Forever Fireflies\",\"description\":\"Comprehensive Menopause Support &amp; Wellness Blog Guide\",\"publisher\":{\"@id\":\"https:\\\/\\\/foreverfireflies.com\\\/sq\\\/#organization\"},\"potentialAction\":[{\"@type\":\"SearchAction\",\"target\":{\"@type\":\"EntryPoint\",\"urlTemplate\":\"https:\\\/\\\/foreverfireflies.com\\\/sq\\\/?s={search_term_string}\"},\"query-input\":{\"@type\":\"PropertyValueSpecification\",\"valueRequired\":true,\"valueName\":\"search_term_string\"}}],\"inLanguage\":\"sq-AL\"},{\"@type\":\"Organization\",\"@id\":\"https:\\\/\\\/foreverfireflies.com\\\/sq\\\/#organization\",\"name\":\"P\u00ebrgjithmon\u00eb xix\u00ebllonja\",\"url\":\"https:\\\/\\\/foreverfireflies.com\\\/sq\\\/\",\"logo\":{\"@type\":\"ImageObject\",\"inLanguage\":\"sq-AL\",\"@id\":\"https:\\\/\\\/foreverfireflies.com\\\/sq\\\/#\\\/schema\\\/logo\\\/image\\\/\",\"url\":\"https:\\\/\\\/i0.wp.com\\\/foreverfireflies.com\\\/wp-content\\\/uploads\\\/2025\\\/03\\\/site-logo.png?fit=440%2C375&ssl=1\",\"contentUrl\":\"https:\\\/\\\/i0.wp.com\\\/foreverfireflies.com\\\/wp-content\\\/uploads\\\/2025\\\/03\\\/site-logo.png?fit=440%2C375&ssl=1\",\"width\":440,\"height\":375,\"caption\":\"P\u00ebrgjithmon\u00eb xix\u00ebllonja\"},\"image\":{\"@id\":\"https:\\\/\\\/foreverfireflies.com\\\/sq\\\/#\\\/schema\\\/logo\\\/image\\\/\"}}]}<\/script>\n<!-- \/ Yoast SEO plugin. -->","yoast_head_json":{"title":"Karroc\u00eb - Forever Fireflies","robots":{"index":"index","follow":"nofollow","max-snippet":"max-snippet:-1","max-image-preview":"max-image-preview:large","max-video-preview":"max-video-preview:-1"},"canonical":"https:\/\/foreverfireflies.com\/sq\/karroce\/","og_locale":"sq_AL","og_type":"article","og_title":"Karroc\u00eb - Forever Fireflies","og_url":"https:\/\/foreverfireflies.com\/sq\/karroce\/","og_site_name":"Forever Fireflies","article_modified_time":"2025-03-29T04:43:17+00:00","twitter_card":"summary_large_image","schema":{"@context":"https:\/\/schema.org","@graph":[{"@type":"WebPage","@id":"https:\/\/foreverfireflies.com\/sq\/karroce\/","url":"https:\/\/foreverfireflies.com\/sq\/karroce\/","name":"Karroc\u00eb - Forever Fireflies","isPartOf":{"@id":"https:\/\/foreverfireflies.com\/sq\/#website"},"datePublished":"2025-03-26T18:47:23+00:00","dateModified":"2025-03-29T04:43:17+00:00","breadcrumb":{"@id":"https:\/\/foreverfireflies.com\/sq\/karroce\/#breadcrumb"},"inLanguage":"sq-AL","potentialAction":[{"@type":"ReadAction","target":["https:\/\/foreverfireflies.com\/sq\/karroce\/"]}]},{"@type":"BreadcrumbList","@id":"https:\/\/foreverfireflies.com\/sq\/karroce\/#breadcrumb","itemListElement":[{"@type":"ListItem","position":1,"name":"Sht\u00ebpi","item":"https:\/\/foreverfireflies.com\/sq\/"},{"@type":"ListItem","position":2,"name":"Karroc\u00eb"}]},{"@type":"WebSite","@id":"https:\/\/foreverfireflies.com\/sq\/#website","url":"https:\/\/foreverfireflies.com\/sq\/","name":"Forever Fireflies","description":"Comprehensive Menopause Support &amp; Wellness Blog Guide","publisher":{"@id":"https:\/\/foreverfireflies.com\/sq\/#organization"},"potentialAction":[{"@type":"SearchAction","target":{"@type":"EntryPoint","urlTemplate":"https:\/\/foreverfireflies.com\/sq\/?s={search_term_string}"},"query-input":{"@type":"PropertyValueSpecification","valueRequired":true,"valueName":"search_term_string"}}],"inLanguage":"sq-AL"},{"@type":"Organization","@id":"https:\/\/foreverfireflies.com\/sq\/#organization","name":"P\u00ebrgjithmon\u00eb xix\u00ebllonja","url":"https:\/\/foreverfireflies.com\/sq\/","logo":{"@type":"ImageObject","inLanguage":"sq-AL","@id":"https:\/\/foreverfireflies.com\/sq\/#\/schema\/logo\/image\/","url":"https:\/\/i0.wp.com\/foreverfireflies.com\/wp-content\/uploads\/2025\/03\/site-logo.png?fit=440%2C375&ssl=1","contentUrl":"https:\/\/i0.wp.com\/foreverfireflies.com\/wp-content\/uploads\/2025\/03\/site-logo.png?fit=440%2C375&ssl=1","width":440,"height":375,"caption":"P\u00ebrgjithmon\u00eb xix\u00ebllonja"},"image":{"@id":"https:\/\/foreverfireflies.com\/sq\/#\/schema\/logo\/image\/"}}]}},"jetpack_likes_enabled":true,"jetpack_sharing_enabled":true,"jetpack_shortlink":"https:\/\/wp.me\/PgpL6e-ce","jetpack-related-posts":[],"_links":{"self":[{"href":"https:\/\/foreverfireflies.com\/sq\/wp-json\/wp\/v2\/pages\/758","targetHints":{"allow":["GET"]}}],"collection":[{"href":"https:\/\/foreverfireflies.com\/sq\/wp-json\/wp\/v2\/pages"}],"about":[{"href":"https:\/\/foreverfireflies.com\/sq\/wp-json\/wp\/v2\/types\/page"}],"author":[{"embeddable":true,"href":"https:\/\/foreverfireflies.com\/sq\/wp-json\/wp\/v2\/users\/1"}],"replies":[{"embeddable":true,"href":"https:\/\/foreverfireflies.com\/sq\/wp-json\/wp\/v2\/comments?post=758"}],"version-history":[{"count":0,"href":"https:\/\/foreverfireflies.com\/sq\/wp-json\/wp\/v2\/pages\/758\/revisions"}],"wp:attachment":[{"href":"https:\/\/foreverfireflies.com\/sq\/wp-json\/wp\/v2\/media?parent=758"}],"curies":[{"name":"wp","href":"https:\/\/api.w.org\/{rel}","templated":true}]}}