{"id":544,"date":"2025-03-26T14:13:31","date_gmt":"2025-03-26T18:13:31","guid":{"rendered":"https:\/\/foreverfireflies.com\/rreth-meje\/"},"modified":"2025-06-09T08:26:06","modified_gmt":"2025-06-09T12:26:06","slug":"rreth-meje","status":"publish","type":"page","link":"https:\/\/foreverfireflies.com\/sq\/rreth-meje\/","title":{"rendered":"Rreth meje"},"content":{"rendered":"\n<div class=\"wp-block-media-text alignwide is-stacked-on-mobile is-vertically-aligned-center is-image-fill-element has-border-color has-tertiary-border-color\" style=\"border-width:2px;grid-template-columns:29% auto\"><figure class=\"wp-block-media-text__media\"><img data-recalc-dims=\"1\" loading=\"lazy\" decoding=\"async\" width=\"768\" height=\"1024\" src=\"https:\/\/i0.wp.com\/foreverfireflies.com\/wp-content\/uploads\/2025\/03\/Share-9119552314642206839.jpg?resize=768%2C1024&#038;ssl=1\" alt=\"\" class=\"wp-image-899 size-full\" style=\"object-position:50% 50%\" srcset=\"https:\/\/i0.wp.com\/foreverfireflies.com\/wp-content\/uploads\/2025\/03\/Share-9119552314642206839.jpg?resize=768%2C1024&amp;ssl=1 768w, https:\/\/i0.wp.com\/foreverfireflies.com\/wp-content\/uploads\/2025\/03\/Share-9119552314642206839.jpg?resize=225%2C300&amp;ssl=1 225w, https:\/\/i0.wp.com\/foreverfireflies.com\/wp-content\/uploads\/2025\/03\/Share-9119552314642206839.jpg?resize=1152%2C1536&amp;ssl=1 1152w, https:\/\/i0.wp.com\/foreverfireflies.com\/wp-content\/uploads\/2025\/03\/Share-9119552314642206839.jpg?resize=1536%2C2048&amp;ssl=1 1536w, https:\/\/i0.wp.com\/foreverfireflies.com\/wp-content\/uploads\/2025\/03\/Share-9119552314642206839.jpg?resize=900%2C1200&amp;ssl=1 900w, https:\/\/i0.wp.com\/foreverfireflies.com\/wp-content\/uploads\/2025\/03\/Share-9119552314642206839.jpg?resize=600%2C800&amp;ssl=1 600w, https:\/\/i0.wp.com\/foreverfireflies.com\/wp-content\/uploads\/2025\/03\/Share-9119552314642206839.jpg?resize=450%2C600&amp;ssl=1 450w, https:\/\/i0.wp.com\/foreverfireflies.com\/wp-content\/uploads\/2025\/03\/Share-9119552314642206839.jpg?resize=300%2C400&amp;ssl=1 300w, https:\/\/i0.wp.com\/foreverfireflies.com\/wp-content\/uploads\/2025\/03\/Share-9119552314642206839.jpg?resize=150%2C200&amp;ssl=1 150w, https:\/\/i0.wp.com\/foreverfireflies.com\/wp-content\/uploads\/2025\/03\/Share-9119552314642206839.jpg?resize=1200%2C1600&amp;ssl=1 1200w, https:\/\/i0.wp.com\/foreverfireflies.com\/wp-content\/uploads\/2025\/03\/Share-9119552314642206839.jpg?w=1867&amp;ssl=1 1867w\" sizes=\"auto, (max-width: 768px) 100vw, 768px\" \/><\/figure><div class=\"wp-block-media-text__content\">\n<div class=\"wp-block-group is-vertical is-layout-flex wp-container-core-group-is-layout-2d658585 wp-block-group-is-layout-flex\" style=\"padding-top:var(--wp--preset--spacing--40);padding-bottom:var(--wp--preset--spacing--40)\">\n<div class=\"wp-block-group is-vertical is-layout-flex wp-container-core-group-is-layout-91b54b4f wp-block-group-is-layout-flex\">\n<h5 class=\"wp-block-heading\">Mir\u00eb se vini!<\/h5>\n\n\n\n<h3 class=\"wp-block-heading\">Un\u00eb jam <strong>Rovena<\/strong> , nj\u00eb farmaciste dhe bashk\u00ebudh\u00ebtare n\u00eb udh\u00ebtimin e menopauz\u00ebs.<\/h3>\n<\/div>\n\n\n\n<p>Ky blog i kushtohet n\u00ebn\u00ebs sime t\u00eb patrembur dhe t\u00eb gjitha grave q\u00eb kaluan n\u00eb menopauz\u00eb pa mb\u00ebshtetjen q\u00eb meritonin. Si profesionist i kujdesit sh\u00ebndet\u00ebsor, dikur besoja se kisha nj\u00eb kuptim t\u00eb plot\u00eb t\u00eb kompleksitetit t\u00eb k\u00ebtij tranzicioni, por p\u00ebrvoja ime zbuloi nj\u00eb t\u00eb v\u00ebrtet\u00eb m\u00eb t\u00eb thell\u00eb, duke ndryshuar k\u00ebndv\u00ebshtrimin tim.  <\/p>\n\n\n\n<p><a href=\"https:\/\/foreverfireflies.com\/sq\/blog\/\" data-type=\"page\" data-id=\"166\">Ky blog<\/a> ndan njohurit\u00eb q\u00eb kam m\u00ebsuar, s\u00eb bashku me njohurit\u00eb e bazuara n\u00eb prova, duke ju ftuar t\u00eb bashkoheni n\u00eb bised\u00eb dhe t\u00eb krijoni nj\u00eb hap\u00ebsir\u00eb \u200b\u200bt\u00eb dhembshur p\u00ebr dialog t\u00eb hapur. Dua t\u00eb ofroj llojin e mb\u00ebshtetjes, mir\u00ebkuptimit dhe informacionit q\u00eb tani e kuptoj se shpesh mungonin kur t\u00eb tjer\u00eb t\u00eb panum\u00ebrt kaluan n\u00ebp\u00ebr k\u00ebt\u00eb.<\/p>\n<\/div>\n<\/div><\/div>\n\n<div class=\"wp-block-columns alignwide has-border-color has-tertiary-border-color is-layout-flex wp-container-core-columns-is-layout-85958d59 wp-block-columns-is-layout-flex\" style=\"border-width:2px;padding-top:var(--wp--preset--spacing--40);padding-right:var(--wp--preset--spacing--40);padding-bottom:var(--wp--preset--spacing--40);padding-left:var(--wp--preset--spacing--40)\">\n<div class=\"wp-block-column is-layout-flow wp-block-column-is-layout-flow\" style=\"flex-basis:40%\">\n<h3 class=\"wp-block-heading\">Misioni dhe fokusi im<\/h3>\n<\/div>\n\n\n\n<div class=\"wp-block-column is-layout-flow wp-block-column-is-layout-flow\">\n<p>Misioni im \u00ebsht\u00eb t\u00eb fuqizoj grat\u00eb duke kap\u00ebrcyer hendekun midis njohurive profesionale dhe p\u00ebrvoj\u00ebs personale. Un\u00eb synoj t\u00eb rris nd\u00ebrgjegj\u00ebsimin p\u00ebr simptomat e anashkaluara dhe t\u00eb adresoj barrierat e informacionit, t\u00eb tilla si ndikimi n\u00eb aft\u00ebsin\u00eb njoh\u00ebse, sh\u00ebndetin mendor dhe kompleksitetin e terapis\u00eb s\u00eb z\u00ebvend\u00ebsimit t\u00eb hormoneve.<\/p>\n<\/div>\n<\/div>\n\n<div class=\"wp-block-columns alignwide has-border-color has-tertiary-border-color is-layout-flex wp-container-core-columns-is-layout-85958d59 wp-block-columns-is-layout-flex\" style=\"border-width:2px;padding-top:var(--wp--preset--spacing--40);padding-right:var(--wp--preset--spacing--40);padding-bottom:var(--wp--preset--spacing--40);padding-left:var(--wp--preset--spacing--40)\">\n<div class=\"wp-block-column is-layout-flow wp-block-column-is-layout-flow\" style=\"flex-basis:40%\">\n<h3 class=\"wp-block-heading\">Sfondi im<\/h3>\n<\/div>\n\n\n\n<div class=\"wp-block-column is-layout-flow wp-block-column-is-layout-flow\">\n<p>Profesionalizmi im bazohet si n\u00eb p\u00ebrvoj\u00ebn personale ashtu edhe n\u00eb nj\u00eb sfond n\u00eb kujdesin social, shkencat dhe farmacin\u00eb. Un\u00eb kam qen\u00eb nj\u00eb farmacist praktikues p\u00ebr m\u00eb shum\u00eb se 15 vjet dhe Diploma ime Komb\u00ebtare BTEC n\u00eb Kujdesin Social, e kombinuar me p\u00ebrvoj\u00ebn praktike n\u00eb mjediset sh\u00ebndet\u00ebsore n\u00eb sht\u00ebpi dhe institucionale dhe farmacin\u00eb n\u00eb komunitet, m\u00eb ka dh\u00ebn\u00eb nj\u00eb kuptim t\u00eb thell\u00eb t\u00eb sfidave emocionale, fizike dhe sociale me t\u00eb cilat p\u00ebrballen njer\u00ebzit.<\/p>\n<\/div>\n<\/div>\n\n<div class=\"wp-block-columns alignwide has-border-color has-tertiary-border-color is-layout-flex wp-container-core-columns-is-layout-85958d59 wp-block-columns-is-layout-flex\" style=\"border-width:2px;padding-top:var(--wp--preset--spacing--40);padding-right:var(--wp--preset--spacing--40);padding-bottom:var(--wp--preset--spacing--40);padding-left:var(--wp--preset--spacing--40)\">\n<div class=\"wp-block-column is-layout-flow wp-block-column-is-layout-flow\" style=\"flex-basis:40%\">\n<h3 class=\"wp-block-heading\">Nevoja p\u00ebr Mb\u00ebshtetje<\/h3>\n<\/div>\n\n\n\n<div class=\"wp-block-column is-layout-flow wp-block-column-is-layout-flow\">\n<p>Sot, tre nga kat\u00ebr gra me simptoma t\u00eb menopauz\u00ebs n\u00eb Shtetet e Bashkuara nuk marrin asnj\u00eb recet\u00eb ose trajtim pa recet\u00eb p\u00ebr asnj\u00eb nga k\u00ebto simptoma. Shumica as nuk flasin me mjekun e tyre. Ky num\u00ebr ka t\u00eb ngjar\u00eb t\u00eb jet\u00eb m\u00eb i lart\u00eb n\u00eb vende t\u00eb tjera, duke n\u00ebnvizuar urgjenc\u00ebn p\u00ebr t\u00eb ofruar kujdes dhe burime m\u00eb t\u00eb mira p\u00ebr grat\u00eb n\u00eb k\u00ebt\u00eb faz\u00eb t\u00eb jet\u00ebs s\u00eb tyre.<\/p>\n<\/div>\n<\/div>\n","protected":false},"excerpt":{"rendered":"<p>Misioni dhe fokusi im Misioni im \u00ebsht\u00eb t\u00eb fuqizoj grat\u00eb duke kap\u00ebrcyer hendekun midis njohurive profesionale dhe p\u00ebrvoj\u00ebs personale. Un\u00eb synoj t\u00eb rris nd\u00ebrgjegj\u00ebsimin p\u00ebr simptomat e anashkaluara dhe t\u00eb adresoj barrierat e informacionit, t\u00eb tilla si ndikimi n\u00eb aft\u00ebsin\u00eb njoh\u00ebse, sh\u00ebndetin mendor dhe kompleksitetin e terapis\u00eb s\u00eb z\u00ebvend\u00ebsimit t\u00eb hormoneve. Sfondi im Profesionalizmi im [&hellip;]<\/p>\n","protected":false},"author":263198898,"featured_media":0,"parent":0,"menu_order":0,"comment_status":"closed","ping_status":"closed","template":"","meta":{"footnotes":""},"class_list":["post-544","page","type-page","status-publish","hentry"],"yoast_head":"<!-- This site is optimized with the Yoast SEO plugin v27.4 - https:\/\/yoast.com\/product\/yoast-seo-wordpress\/ -->\n<title>Rreth meje - Forever Fireflies<\/title>\n<meta name=\"description\" content=\"Bashkohuni me Forever Fireflies, nj\u00eb grup dhe blog i besuesh\u00ebm mb\u00ebshtet\u00ebs p\u00ebr menopauz\u00ebn q\u00eb ofron mb\u00ebshtetje nga ekspert\u00eb p\u00ebr trajtimin e menopauz\u00ebs, udh\u00ebzues p\u00ebr simptomat dhe komunitet p\u00ebr grat\u00eb q\u00eb po p\u00ebrballen me menopauz\u00ebn.\" \/>\n<meta name=\"robots\" content=\"index, follow, max-snippet:-1, max-image-preview:large, max-video-preview:-1\" \/>\n<link rel=\"canonical\" href=\"https:\/\/foreverfireflies.com\/sq\/rreth-meje\/\" \/>\n<meta property=\"og:locale\" content=\"sq_AL\" \/>\n<meta property=\"og:type\" content=\"article\" \/>\n<meta property=\"og:title\" content=\"Rreth meje - Forever Fireflies\" \/>\n<meta property=\"og:description\" content=\"Bashkohuni me Forever Fireflies, nj\u00eb grup dhe blog i besuesh\u00ebm mb\u00ebshtet\u00ebs p\u00ebr menopauz\u00ebn q\u00eb ofron mb\u00ebshtetje nga ekspert\u00eb p\u00ebr trajtimin e menopauz\u00ebs, udh\u00ebzues p\u00ebr simptomat dhe komunitet p\u00ebr grat\u00eb q\u00eb po p\u00ebrballen me menopauz\u00ebn.\" \/>\n<meta property=\"og:url\" content=\"https:\/\/foreverfireflies.com\/sq\/rreth-meje\/\" \/>\n<meta property=\"og:site_name\" content=\"Forever Fireflies\" \/>\n<meta property=\"article:modified_time\" content=\"2025-06-09T12:26:06+00:00\" \/>\n<meta property=\"og:image\" content=\"https:\/\/foreverfireflies.com\/wp-content\/uploads\/2025\/03\/Share-9119552314642206839-768x1024.jpg\" \/>\n<meta name=\"twitter:card\" content=\"summary_large_image\" \/>\n<meta name=\"twitter:label1\" content=\"Est. reading time\" \/>\n\t<meta name=\"twitter:data1\" content=\"2 minutes\" \/>\n<script type=\"application\/ld+json\" class=\"yoast-schema-graph\">{\"@context\":\"https:\\\/\\\/schema.org\",\"@graph\":[{\"@type\":\"WebPage\",\"@id\":\"https:\\\/\\\/foreverfireflies.com\\\/sq\\\/rreth-meje\\\/\",\"url\":\"https:\\\/\\\/foreverfireflies.com\\\/sq\\\/rreth-meje\\\/\",\"name\":\"Rreth meje - Forever Fireflies\",\"isPartOf\":{\"@id\":\"https:\\\/\\\/foreverfireflies.com\\\/sq\\\/#website\"},\"primaryImageOfPage\":{\"@id\":\"https:\\\/\\\/foreverfireflies.com\\\/sq\\\/rreth-meje\\\/#primaryimage\"},\"image\":{\"@id\":\"https:\\\/\\\/foreverfireflies.com\\\/sq\\\/rreth-meje\\\/#primaryimage\"},\"thumbnailUrl\":\"https:\\\/\\\/foreverfireflies.com\\\/wp-content\\\/uploads\\\/2025\\\/03\\\/Share-9119552314642206839-768x1024.jpg\",\"datePublished\":\"2025-03-26T18:13:31+00:00\",\"dateModified\":\"2025-06-09T12:26:06+00:00\",\"description\":\"Bashkohuni me Forever Fireflies, nj\u00eb grup dhe blog i besuesh\u00ebm mb\u00ebshtet\u00ebs p\u00ebr menopauz\u00ebn q\u00eb ofron mb\u00ebshtetje nga ekspert\u00eb p\u00ebr trajtimin e menopauz\u00ebs, udh\u00ebzues p\u00ebr simptomat dhe komunitet p\u00ebr grat\u00eb q\u00eb po p\u00ebrballen me menopauz\u00ebn.\",\"breadcrumb\":{\"@id\":\"https:\\\/\\\/foreverfireflies.com\\\/sq\\\/rreth-meje\\\/#breadcrumb\"},\"inLanguage\":\"sq-AL\",\"potentialAction\":[{\"@type\":\"ReadAction\",\"target\":[\"https:\\\/\\\/foreverfireflies.com\\\/sq\\\/rreth-meje\\\/\"]}]},{\"@type\":\"ImageObject\",\"inLanguage\":\"sq-AL\",\"@id\":\"https:\\\/\\\/foreverfireflies.com\\\/sq\\\/rreth-meje\\\/#primaryimage\",\"url\":\"https:\\\/\\\/foreverfireflies.com\\\/wp-content\\\/uploads\\\/2025\\\/03\\\/Share-9119552314642206839-768x1024.jpg\",\"contentUrl\":\"https:\\\/\\\/foreverfireflies.com\\\/wp-content\\\/uploads\\\/2025\\\/03\\\/Share-9119552314642206839-768x1024.jpg\"},{\"@type\":\"BreadcrumbList\",\"@id\":\"https:\\\/\\\/foreverfireflies.com\\\/sq\\\/rreth-meje\\\/#breadcrumb\",\"itemListElement\":[{\"@type\":\"ListItem\",\"position\":1,\"name\":\"Sht\u00ebpi\",\"item\":\"https:\\\/\\\/foreverfireflies.com\\\/sq\\\/\"},{\"@type\":\"ListItem\",\"position\":2,\"name\":\"Rreth meje\"}]},{\"@type\":\"WebSite\",\"@id\":\"https:\\\/\\\/foreverfireflies.com\\\/sq\\\/#website\",\"url\":\"https:\\\/\\\/foreverfireflies.com\\\/sq\\\/\",\"name\":\"Forever Fireflies\",\"description\":\"Comprehensive Menopause Support &amp; Wellness Blog Guide\",\"publisher\":{\"@id\":\"https:\\\/\\\/foreverfireflies.com\\\/sq\\\/#organization\"},\"potentialAction\":[{\"@type\":\"SearchAction\",\"target\":{\"@type\":\"EntryPoint\",\"urlTemplate\":\"https:\\\/\\\/foreverfireflies.com\\\/sq\\\/?s={search_term_string}\"},\"query-input\":{\"@type\":\"PropertyValueSpecification\",\"valueRequired\":true,\"valueName\":\"search_term_string\"}}],\"inLanguage\":\"sq-AL\"},{\"@type\":\"Organization\",\"@id\":\"https:\\\/\\\/foreverfireflies.com\\\/sq\\\/#organization\",\"name\":\"P\u00ebrgjithmon\u00eb xix\u00ebllonja\",\"url\":\"https:\\\/\\\/foreverfireflies.com\\\/sq\\\/\",\"logo\":{\"@type\":\"ImageObject\",\"inLanguage\":\"sq-AL\",\"@id\":\"https:\\\/\\\/foreverfireflies.com\\\/sq\\\/#\\\/schema\\\/logo\\\/image\\\/\",\"url\":\"https:\\\/\\\/i0.wp.com\\\/foreverfireflies.com\\\/wp-content\\\/uploads\\\/2025\\\/03\\\/site-logo.png?fit=440%2C375&ssl=1\",\"contentUrl\":\"https:\\\/\\\/i0.wp.com\\\/foreverfireflies.com\\\/wp-content\\\/uploads\\\/2025\\\/03\\\/site-logo.png?fit=440%2C375&ssl=1\",\"width\":440,\"height\":375,\"caption\":\"P\u00ebrgjithmon\u00eb xix\u00ebllonja\"},\"image\":{\"@id\":\"https:\\\/\\\/foreverfireflies.com\\\/sq\\\/#\\\/schema\\\/logo\\\/image\\\/\"}}]}<\/script>\n<!-- \/ Yoast SEO plugin. -->","yoast_head_json":{"title":"Rreth meje - Forever Fireflies","description":"Bashkohuni me Forever Fireflies, nj\u00eb grup dhe blog i besuesh\u00ebm mb\u00ebshtet\u00ebs p\u00ebr menopauz\u00ebn q\u00eb ofron mb\u00ebshtetje nga ekspert\u00eb p\u00ebr trajtimin e menopauz\u00ebs, udh\u00ebzues p\u00ebr simptomat dhe komunitet p\u00ebr grat\u00eb q\u00eb po p\u00ebrballen me menopauz\u00ebn.","robots":{"index":"index","follow":"follow","max-snippet":"max-snippet:-1","max-image-preview":"max-image-preview:large","max-video-preview":"max-video-preview:-1"},"canonical":"https:\/\/foreverfireflies.com\/sq\/rreth-meje\/","og_locale":"sq_AL","og_type":"article","og_title":"Rreth meje - Forever Fireflies","og_description":"Bashkohuni me Forever Fireflies, nj\u00eb grup dhe blog i besuesh\u00ebm mb\u00ebshtet\u00ebs p\u00ebr menopauz\u00ebn q\u00eb ofron mb\u00ebshtetje nga ekspert\u00eb p\u00ebr trajtimin e menopauz\u00ebs, udh\u00ebzues p\u00ebr simptomat dhe komunitet p\u00ebr grat\u00eb q\u00eb po p\u00ebrballen me menopauz\u00ebn.","og_url":"https:\/\/foreverfireflies.com\/sq\/rreth-meje\/","og_site_name":"Forever Fireflies","article_modified_time":"2025-06-09T12:26:06+00:00","og_image":[{"url":"https:\/\/foreverfireflies.com\/wp-content\/uploads\/2025\/03\/Share-9119552314642206839-768x1024.jpg","type":"","width":"","height":""}],"twitter_card":"summary_large_image","twitter_misc":{"Est. reading time":"2 minutes"},"schema":{"@context":"https:\/\/schema.org","@graph":[{"@type":"WebPage","@id":"https:\/\/foreverfireflies.com\/sq\/rreth-meje\/","url":"https:\/\/foreverfireflies.com\/sq\/rreth-meje\/","name":"Rreth meje - Forever Fireflies","isPartOf":{"@id":"https:\/\/foreverfireflies.com\/sq\/#website"},"primaryImageOfPage":{"@id":"https:\/\/foreverfireflies.com\/sq\/rreth-meje\/#primaryimage"},"image":{"@id":"https:\/\/foreverfireflies.com\/sq\/rreth-meje\/#primaryimage"},"thumbnailUrl":"https:\/\/foreverfireflies.com\/wp-content\/uploads\/2025\/03\/Share-9119552314642206839-768x1024.jpg","datePublished":"2025-03-26T18:13:31+00:00","dateModified":"2025-06-09T12:26:06+00:00","description":"Bashkohuni me Forever Fireflies, nj\u00eb grup dhe blog i besuesh\u00ebm mb\u00ebshtet\u00ebs p\u00ebr menopauz\u00ebn q\u00eb ofron mb\u00ebshtetje nga ekspert\u00eb p\u00ebr trajtimin e menopauz\u00ebs, udh\u00ebzues p\u00ebr simptomat dhe komunitet p\u00ebr grat\u00eb q\u00eb po p\u00ebrballen me menopauz\u00ebn.","breadcrumb":{"@id":"https:\/\/foreverfireflies.com\/sq\/rreth-meje\/#breadcrumb"},"inLanguage":"sq-AL","potentialAction":[{"@type":"ReadAction","target":["https:\/\/foreverfireflies.com\/sq\/rreth-meje\/"]}]},{"@type":"ImageObject","inLanguage":"sq-AL","@id":"https:\/\/foreverfireflies.com\/sq\/rreth-meje\/#primaryimage","url":"https:\/\/foreverfireflies.com\/wp-content\/uploads\/2025\/03\/Share-9119552314642206839-768x1024.jpg","contentUrl":"https:\/\/foreverfireflies.com\/wp-content\/uploads\/2025\/03\/Share-9119552314642206839-768x1024.jpg"},{"@type":"BreadcrumbList","@id":"https:\/\/foreverfireflies.com\/sq\/rreth-meje\/#breadcrumb","itemListElement":[{"@type":"ListItem","position":1,"name":"Sht\u00ebpi","item":"https:\/\/foreverfireflies.com\/sq\/"},{"@type":"ListItem","position":2,"name":"Rreth meje"}]},{"@type":"WebSite","@id":"https:\/\/foreverfireflies.com\/sq\/#website","url":"https:\/\/foreverfireflies.com\/sq\/","name":"Forever Fireflies","description":"Comprehensive Menopause Support &amp; Wellness Blog Guide","publisher":{"@id":"https:\/\/foreverfireflies.com\/sq\/#organization"},"potentialAction":[{"@type":"SearchAction","target":{"@type":"EntryPoint","urlTemplate":"https:\/\/foreverfireflies.com\/sq\/?s={search_term_string}"},"query-input":{"@type":"PropertyValueSpecification","valueRequired":true,"valueName":"search_term_string"}}],"inLanguage":"sq-AL"},{"@type":"Organization","@id":"https:\/\/foreverfireflies.com\/sq\/#organization","name":"P\u00ebrgjithmon\u00eb xix\u00ebllonja","url":"https:\/\/foreverfireflies.com\/sq\/","logo":{"@type":"ImageObject","inLanguage":"sq-AL","@id":"https:\/\/foreverfireflies.com\/sq\/#\/schema\/logo\/image\/","url":"https:\/\/i0.wp.com\/foreverfireflies.com\/wp-content\/uploads\/2025\/03\/site-logo.png?fit=440%2C375&ssl=1","contentUrl":"https:\/\/i0.wp.com\/foreverfireflies.com\/wp-content\/uploads\/2025\/03\/site-logo.png?fit=440%2C375&ssl=1","width":440,"height":375,"caption":"P\u00ebrgjithmon\u00eb xix\u00ebllonja"},"image":{"@id":"https:\/\/foreverfireflies.com\/sq\/#\/schema\/logo\/image\/"}}]}},"jetpack_likes_enabled":true,"jetpack_sharing_enabled":true,"jetpack_shortlink":"https:\/\/wp.me\/PgpL6e-8M","jetpack-related-posts":[],"_links":{"self":[{"href":"https:\/\/foreverfireflies.com\/sq\/wp-json\/wp\/v2\/pages\/544","targetHints":{"allow":["GET"]}}],"collection":[{"href":"https:\/\/foreverfireflies.com\/sq\/wp-json\/wp\/v2\/pages"}],"about":[{"href":"https:\/\/foreverfireflies.com\/sq\/wp-json\/wp\/v2\/types\/page"}],"author":[{"embeddable":true,"href":"https:\/\/foreverfireflies.com\/sq\/wp-json\/wp\/v2\/users\/263198898"}],"replies":[{"embeddable":true,"href":"https:\/\/foreverfireflies.com\/sq\/wp-json\/wp\/v2\/comments?post=544"}],"version-history":[{"count":0,"href":"https:\/\/foreverfireflies.com\/sq\/wp-json\/wp\/v2\/pages\/544\/revisions"}],"wp:attachment":[{"href":"https:\/\/foreverfireflies.com\/sq\/wp-json\/wp\/v2\/media?parent=544"}],"curies":[{"name":"wp","href":"https:\/\/api.w.org\/{rel}","templated":true}]}}