{"id":540,"date":"2025-03-26T14:40:36","date_gmt":"2025-03-26T18:40:36","guid":{"rendered":"https:\/\/foreverfireflies.com\/le-te-lidhemi\/"},"modified":"2025-05-03T21:46:27","modified_gmt":"2025-05-04T01:46:27","slug":"le-te-lidhemi","status":"publish","type":"page","link":"https:\/\/foreverfireflies.com\/sq\/le-te-lidhemi\/","title":{"rendered":"Le t\u00eb Lidhemi"},"content":{"rendered":"\n<h3 class=\"wp-block-heading has-text-align-left\">Ju lutem mos ngurroni t\u00eb sugjeroni tema ose pyetje q\u00eb d\u00ebshironi t\u00eb shihni t\u00eb diskutohen n\u00eb postimet e ardhshme!<\/h3>\n\n\n\n<div style=\"height:40px\" aria-hidden=\"true\" class=\"wp-block-spacer\"><\/div>\n\n\n<div class=\"wp-block-jetpack-contact-form is-style-animated is-layout-flex wp-container-jetpack-contact-form-is-layout-2b4208ba wp-block-jetpack-contact-form-is-layout-flex\"><a href=\"https:\/\/foreverfireflies.com\/sq\/le-te-lidhemi\/\" target=\"_blank\" rel=\"noopener noreferrer\">Submit a form.<\/a><\/div>","protected":false},"excerpt":{"rendered":"<p>Ju lutem mos ngurroni t\u00eb sugjeroni tema ose pyetje q\u00eb d\u00ebshironi t\u00eb shihni t\u00eb diskutohen n\u00eb postimet e ardhshme!<\/p>\n","protected":false},"author":263198898,"featured_media":0,"parent":0,"menu_order":0,"comment_status":"closed","ping_status":"closed","template":"","meta":{"footnotes":""},"class_list":["post-540","page","type-page","status-publish","hentry"],"yoast_head":"<!-- This site is optimized with the Yoast SEO plugin v27.4 - https:\/\/yoast.com\/product\/yoast-seo-wordpress\/ -->\n<title>Le t\u00eb Lidhemi - Forever Fireflies<\/title>\n<meta name=\"robots\" content=\"index, follow, max-snippet:-1, max-image-preview:large, max-video-preview:-1\" \/>\n<link rel=\"canonical\" href=\"https:\/\/foreverfireflies.com\/sq\/le-te-lidhemi\/\" \/>\n<meta property=\"og:locale\" content=\"sq_AL\" \/>\n<meta property=\"og:type\" content=\"article\" \/>\n<meta property=\"og:title\" content=\"Le t\u00eb Lidhemi - Forever Fireflies\" \/>\n<meta property=\"og:description\" content=\"Ju lutem mos ngurroni t\u00eb sugjeroni tema ose pyetje q\u00eb d\u00ebshironi t\u00eb shihni t\u00eb diskutohen n\u00eb postimet e ardhshme!\" \/>\n<meta property=\"og:url\" content=\"https:\/\/foreverfireflies.com\/sq\/le-te-lidhemi\/\" \/>\n<meta property=\"og:site_name\" content=\"Forever Fireflies\" \/>\n<meta property=\"article:modified_time\" content=\"2025-05-04T01:46:27+00:00\" \/>\n<meta name=\"twitter:card\" content=\"summary_large_image\" \/>\n<script type=\"application\/ld+json\" class=\"yoast-schema-graph\">{\"@context\":\"https:\\\/\\\/schema.org\",\"@graph\":[{\"@type\":\"WebPage\",\"@id\":\"https:\\\/\\\/foreverfireflies.com\\\/sq\\\/le-te-lidhemi\\\/\",\"url\":\"https:\\\/\\\/foreverfireflies.com\\\/sq\\\/le-te-lidhemi\\\/\",\"name\":\"Le t\u00eb Lidhemi - Forever Fireflies\",\"isPartOf\":{\"@id\":\"https:\\\/\\\/foreverfireflies.com\\\/sq\\\/#website\"},\"datePublished\":\"2025-03-26T18:40:36+00:00\",\"dateModified\":\"2025-05-04T01:46:27+00:00\",\"breadcrumb\":{\"@id\":\"https:\\\/\\\/foreverfireflies.com\\\/sq\\\/le-te-lidhemi\\\/#breadcrumb\"},\"inLanguage\":\"sq-AL\",\"potentialAction\":[{\"@type\":\"ReadAction\",\"target\":[\"https:\\\/\\\/foreverfireflies.com\\\/sq\\\/le-te-lidhemi\\\/\"]}]},{\"@type\":\"BreadcrumbList\",\"@id\":\"https:\\\/\\\/foreverfireflies.com\\\/sq\\\/le-te-lidhemi\\\/#breadcrumb\",\"itemListElement\":[{\"@type\":\"ListItem\",\"position\":1,\"name\":\"Sht\u00ebpi\",\"item\":\"https:\\\/\\\/foreverfireflies.com\\\/sq\\\/\"},{\"@type\":\"ListItem\",\"position\":2,\"name\":\"Le t\u00eb Lidhemi\"}]},{\"@type\":\"WebSite\",\"@id\":\"https:\\\/\\\/foreverfireflies.com\\\/sq\\\/#website\",\"url\":\"https:\\\/\\\/foreverfireflies.com\\\/sq\\\/\",\"name\":\"Forever Fireflies\",\"description\":\"Comprehensive Menopause Support &amp; Wellness Blog Guide\",\"publisher\":{\"@id\":\"https:\\\/\\\/foreverfireflies.com\\\/sq\\\/#organization\"},\"potentialAction\":[{\"@type\":\"SearchAction\",\"target\":{\"@type\":\"EntryPoint\",\"urlTemplate\":\"https:\\\/\\\/foreverfireflies.com\\\/sq\\\/?s={search_term_string}\"},\"query-input\":{\"@type\":\"PropertyValueSpecification\",\"valueRequired\":true,\"valueName\":\"search_term_string\"}}],\"inLanguage\":\"sq-AL\"},{\"@type\":\"Organization\",\"@id\":\"https:\\\/\\\/foreverfireflies.com\\\/sq\\\/#organization\",\"name\":\"P\u00ebrgjithmon\u00eb xix\u00ebllonja\",\"url\":\"https:\\\/\\\/foreverfireflies.com\\\/sq\\\/\",\"logo\":{\"@type\":\"ImageObject\",\"inLanguage\":\"sq-AL\",\"@id\":\"https:\\\/\\\/foreverfireflies.com\\\/sq\\\/#\\\/schema\\\/logo\\\/image\\\/\",\"url\":\"https:\\\/\\\/i0.wp.com\\\/foreverfireflies.com\\\/wp-content\\\/uploads\\\/2025\\\/03\\\/site-logo.png?fit=440%2C375&ssl=1\",\"contentUrl\":\"https:\\\/\\\/i0.wp.com\\\/foreverfireflies.com\\\/wp-content\\\/uploads\\\/2025\\\/03\\\/site-logo.png?fit=440%2C375&ssl=1\",\"width\":440,\"height\":375,\"caption\":\"P\u00ebrgjithmon\u00eb xix\u00ebllonja\"},\"image\":{\"@id\":\"https:\\\/\\\/foreverfireflies.com\\\/sq\\\/#\\\/schema\\\/logo\\\/image\\\/\"}}]}<\/script>\n<!-- \/ Yoast SEO plugin. -->","yoast_head_json":{"title":"Le t\u00eb Lidhemi - Forever Fireflies","robots":{"index":"index","follow":"follow","max-snippet":"max-snippet:-1","max-image-preview":"max-image-preview:large","max-video-preview":"max-video-preview:-1"},"canonical":"https:\/\/foreverfireflies.com\/sq\/le-te-lidhemi\/","og_locale":"sq_AL","og_type":"article","og_title":"Le t\u00eb Lidhemi - Forever Fireflies","og_description":"Ju lutem mos ngurroni t\u00eb sugjeroni tema ose pyetje q\u00eb d\u00ebshironi t\u00eb shihni t\u00eb diskutohen n\u00eb postimet e ardhshme!","og_url":"https:\/\/foreverfireflies.com\/sq\/le-te-lidhemi\/","og_site_name":"Forever Fireflies","article_modified_time":"2025-05-04T01:46:27+00:00","twitter_card":"summary_large_image","schema":{"@context":"https:\/\/schema.org","@graph":[{"@type":"WebPage","@id":"https:\/\/foreverfireflies.com\/sq\/le-te-lidhemi\/","url":"https:\/\/foreverfireflies.com\/sq\/le-te-lidhemi\/","name":"Le t\u00eb Lidhemi - Forever Fireflies","isPartOf":{"@id":"https:\/\/foreverfireflies.com\/sq\/#website"},"datePublished":"2025-03-26T18:40:36+00:00","dateModified":"2025-05-04T01:46:27+00:00","breadcrumb":{"@id":"https:\/\/foreverfireflies.com\/sq\/le-te-lidhemi\/#breadcrumb"},"inLanguage":"sq-AL","potentialAction":[{"@type":"ReadAction","target":["https:\/\/foreverfireflies.com\/sq\/le-te-lidhemi\/"]}]},{"@type":"BreadcrumbList","@id":"https:\/\/foreverfireflies.com\/sq\/le-te-lidhemi\/#breadcrumb","itemListElement":[{"@type":"ListItem","position":1,"name":"Sht\u00ebpi","item":"https:\/\/foreverfireflies.com\/sq\/"},{"@type":"ListItem","position":2,"name":"Le t\u00eb Lidhemi"}]},{"@type":"WebSite","@id":"https:\/\/foreverfireflies.com\/sq\/#website","url":"https:\/\/foreverfireflies.com\/sq\/","name":"Forever Fireflies","description":"Comprehensive Menopause Support &amp; Wellness Blog Guide","publisher":{"@id":"https:\/\/foreverfireflies.com\/sq\/#organization"},"potentialAction":[{"@type":"SearchAction","target":{"@type":"EntryPoint","urlTemplate":"https:\/\/foreverfireflies.com\/sq\/?s={search_term_string}"},"query-input":{"@type":"PropertyValueSpecification","valueRequired":true,"valueName":"search_term_string"}}],"inLanguage":"sq-AL"},{"@type":"Organization","@id":"https:\/\/foreverfireflies.com\/sq\/#organization","name":"P\u00ebrgjithmon\u00eb xix\u00ebllonja","url":"https:\/\/foreverfireflies.com\/sq\/","logo":{"@type":"ImageObject","inLanguage":"sq-AL","@id":"https:\/\/foreverfireflies.com\/sq\/#\/schema\/logo\/image\/","url":"https:\/\/i0.wp.com\/foreverfireflies.com\/wp-content\/uploads\/2025\/03\/site-logo.png?fit=440%2C375&ssl=1","contentUrl":"https:\/\/i0.wp.com\/foreverfireflies.com\/wp-content\/uploads\/2025\/03\/site-logo.png?fit=440%2C375&ssl=1","width":440,"height":375,"caption":"P\u00ebrgjithmon\u00eb xix\u00ebllonja"},"image":{"@id":"https:\/\/foreverfireflies.com\/sq\/#\/schema\/logo\/image\/"}}]}},"jetpack_likes_enabled":true,"jetpack_sharing_enabled":true,"jetpack_shortlink":"https:\/\/wp.me\/PgpL6e-8I","jetpack-related-posts":[],"_links":{"self":[{"href":"https:\/\/foreverfireflies.com\/sq\/wp-json\/wp\/v2\/pages\/540","targetHints":{"allow":["GET"]}}],"collection":[{"href":"https:\/\/foreverfireflies.com\/sq\/wp-json\/wp\/v2\/pages"}],"about":[{"href":"https:\/\/foreverfireflies.com\/sq\/wp-json\/wp\/v2\/types\/page"}],"author":[{"embeddable":true,"href":"https:\/\/foreverfireflies.com\/sq\/wp-json\/wp\/v2\/users\/263198898"}],"replies":[{"embeddable":true,"href":"https:\/\/foreverfireflies.com\/sq\/wp-json\/wp\/v2\/comments?post=540"}],"version-history":[{"count":0,"href":"https:\/\/foreverfireflies.com\/sq\/wp-json\/wp\/v2\/pages\/540\/revisions"}],"wp:attachment":[{"href":"https:\/\/foreverfireflies.com\/sq\/wp-json\/wp\/v2\/media?parent=540"}],"curies":[{"name":"wp","href":"https:\/\/api.w.org\/{rel}","templated":true}]}}