{"id":525,"date":"2025-03-26T14:13:44","date_gmt":"2025-03-26T18:13:44","guid":{"rendered":"https:\/\/foreverfireflies.com\/buletini\/"},"modified":"2025-03-29T00:39:34","modified_gmt":"2025-03-29T04:39:34","slug":"buletini","status":"publish","type":"page","link":"https:\/\/foreverfireflies.com\/sq\/buletini\/","title":{"rendered":"Buletini"},"content":{"rendered":"\n<div class=\"wp-block-media-text alignwide is-stacked-on-mobile has-border-color has-tertiary-border-color\" style=\"border-width:2px;grid-template-columns:38% auto\"><figure class=\"wp-block-media-text__media\"><img data-recalc-dims=\"1\" loading=\"lazy\" decoding=\"async\" width=\"500\" height=\"500\" src=\"https:\/\/i0.wp.com\/foreverfireflies.com\/wp-content\/uploads\/2025\/03\/logo2.png?resize=500%2C500&#038;ssl=1\" alt=\"\" class=\"wp-image-7 size-full\"\/><\/figure><div class=\"wp-block-media-text__content\">\n<div class=\"wp-block-group is-vertical is-layout-flex wp-container-core-group-is-layout-2d658585 wp-block-group-is-layout-flex\" style=\"padding-top:var(--wp--preset--spacing--40);padding-bottom:var(--wp--preset--spacing--40)\">\n<h2 class=\"wp-block-heading\">B\u00ebhuni pjes\u00eb e bised\u00ebs<\/h2>\n\n\n\n<p>Bashkohuni me buletinin e <strong>Forever Fireflies<\/strong> dhe q\u00ebndroni t\u00eb lidhur me biseda, burime dhe reflektime t\u00eb v\u00ebrteta mbi t\u00eb gjitha gj\u00ebrat e menopauz\u00ebs.<\/p>\n\n\n\n<p>Nga historit\u00eb personale deri te k\u00ebrkimet m\u00eb t\u00eb fundit, kjo hap\u00ebsir\u00eb \u200b\u200bka t\u00eb b\u00ebj\u00eb me komunitetin, qart\u00ebsin\u00eb dhe inkurajimin, prisni:  <\/p>\n\n\n\n<ul class=\"wp-block-list\">\n<li>Informacion sh\u00ebndet\u00ebsor i bazuar n\u00eb prova<\/li>\n\n\n\n<li>Histori nga grat\u00eb q\u00eb e marrin at\u00eb<\/li>\n\n\n\n<li>K\u00ebshilla p\u00ebr menaxhimin e simptomave<\/li>\n\n\n\n<li>Postime dhe p\u00ebrdit\u00ebsime t\u00eb reja n\u00eb blog<\/li>\n<\/ul>\n\n\n\n<p>Pavar\u00ebsisht n\u00ebse jeni n\u00eb peri, postim ose diku n\u00eb mes, nuk jeni vet\u00ebm k\u00ebtu.<\/p>\n<\/div>\n<\/div><\/div>\n\n<div class=\"wp-block-columns alignwide has-border-color has-tertiary-border-color is-layout-flex wp-container-core-columns-is-layout-85958d59 wp-block-columns-is-layout-flex\" style=\"border-width:2px;padding-top:var(--wp--preset--spacing--40);padding-right:var(--wp--preset--spacing--40);padding-bottom:var(--wp--preset--spacing--40);padding-left:var(--wp--preset--spacing--40)\">\n<div class=\"wp-block-column is-layout-flow wp-block-column-is-layout-flow\" style=\"flex-basis:40%\">\n<h3 class=\"wp-block-heading\">Gati p\u00ebr t&#8217;u bashkuar me ne?<\/h3>\n\n\n\n<p>Regjistrohu p\u00ebr t\u00eb marr\u00eb p\u00ebrdit\u00ebsime me email.<\/p>\n<\/div>\n\n\n\n<div class=\"wp-block-column is-layout-flow wp-block-column-is-layout-flow\"><\/div>\n<\/div>\n\n<p> <\/p>\n","protected":false},"excerpt":{"rendered":"<p>Gati p\u00ebr t&#8217;u bashkuar me ne? Regjistrohu p\u00ebr t\u00eb marr\u00eb p\u00ebrdit\u00ebsime me email.<\/p>\n","protected":false},"author":263198898,"featured_media":0,"parent":0,"menu_order":0,"comment_status":"closed","ping_status":"closed","template":"","meta":{"footnotes":""},"class_list":["post-525","page","type-page","status-publish","hentry"],"yoast_head":"<!-- This site is optimized with the Yoast SEO plugin v27.4 - https:\/\/yoast.com\/product\/yoast-seo-wordpress\/ -->\n<title>Buletini - Forever Fireflies<\/title>\n<meta name=\"robots\" content=\"index, follow, max-snippet:-1, max-image-preview:large, max-video-preview:-1\" \/>\n<link rel=\"canonical\" href=\"https:\/\/foreverfireflies.com\/sq\/buletini\/\" \/>\n<meta property=\"og:locale\" content=\"sq_AL\" \/>\n<meta property=\"og:type\" content=\"article\" \/>\n<meta property=\"og:title\" content=\"Buletini - Forever Fireflies\" \/>\n<meta property=\"og:description\" content=\"Gati p\u00ebr t&#8217;u bashkuar me ne? Regjistrohu p\u00ebr t\u00eb marr\u00eb p\u00ebrdit\u00ebsime me email.\" \/>\n<meta property=\"og:url\" content=\"https:\/\/foreverfireflies.com\/sq\/buletini\/\" \/>\n<meta property=\"og:site_name\" content=\"Forever Fireflies\" \/>\n<meta property=\"article:modified_time\" content=\"2025-03-29T04:39:34+00:00\" \/>\n<meta property=\"og:image\" content=\"https:\/\/foreverfireflies.com\/wp-content\/uploads\/2025\/03\/logo2.png\" \/>\n<meta name=\"twitter:card\" content=\"summary_large_image\" \/>\n<meta name=\"twitter:label1\" content=\"Est. reading time\" \/>\n\t<meta name=\"twitter:data1\" content=\"1 minute\" \/>\n<script type=\"application\/ld+json\" class=\"yoast-schema-graph\">{\"@context\":\"https:\\\/\\\/schema.org\",\"@graph\":[{\"@type\":\"WebPage\",\"@id\":\"https:\\\/\\\/foreverfireflies.com\\\/sq\\\/buletini\\\/\",\"url\":\"https:\\\/\\\/foreverfireflies.com\\\/sq\\\/buletini\\\/\",\"name\":\"Buletini - Forever Fireflies\",\"isPartOf\":{\"@id\":\"https:\\\/\\\/foreverfireflies.com\\\/sq\\\/#website\"},\"primaryImageOfPage\":{\"@id\":\"https:\\\/\\\/foreverfireflies.com\\\/sq\\\/buletini\\\/#primaryimage\"},\"image\":{\"@id\":\"https:\\\/\\\/foreverfireflies.com\\\/sq\\\/buletini\\\/#primaryimage\"},\"thumbnailUrl\":\"https:\\\/\\\/foreverfireflies.com\\\/wp-content\\\/uploads\\\/2025\\\/03\\\/logo2.png\",\"datePublished\":\"2025-03-26T18:13:44+00:00\",\"dateModified\":\"2025-03-29T04:39:34+00:00\",\"breadcrumb\":{\"@id\":\"https:\\\/\\\/foreverfireflies.com\\\/sq\\\/buletini\\\/#breadcrumb\"},\"inLanguage\":\"sq-AL\",\"potentialAction\":[{\"@type\":\"ReadAction\",\"target\":[\"https:\\\/\\\/foreverfireflies.com\\\/sq\\\/buletini\\\/\"]}]},{\"@type\":\"ImageObject\",\"inLanguage\":\"sq-AL\",\"@id\":\"https:\\\/\\\/foreverfireflies.com\\\/sq\\\/buletini\\\/#primaryimage\",\"url\":\"https:\\\/\\\/foreverfireflies.com\\\/wp-content\\\/uploads\\\/2025\\\/03\\\/logo2.png\",\"contentUrl\":\"https:\\\/\\\/foreverfireflies.com\\\/wp-content\\\/uploads\\\/2025\\\/03\\\/logo2.png\"},{\"@type\":\"BreadcrumbList\",\"@id\":\"https:\\\/\\\/foreverfireflies.com\\\/sq\\\/buletini\\\/#breadcrumb\",\"itemListElement\":[{\"@type\":\"ListItem\",\"position\":1,\"name\":\"Sht\u00ebpi\",\"item\":\"https:\\\/\\\/foreverfireflies.com\\\/sq\\\/\"},{\"@type\":\"ListItem\",\"position\":2,\"name\":\"Buletini\"}]},{\"@type\":\"WebSite\",\"@id\":\"https:\\\/\\\/foreverfireflies.com\\\/sq\\\/#website\",\"url\":\"https:\\\/\\\/foreverfireflies.com\\\/sq\\\/\",\"name\":\"Forever Fireflies\",\"description\":\"Comprehensive Menopause Support &amp; Wellness Blog Guide\",\"publisher\":{\"@id\":\"https:\\\/\\\/foreverfireflies.com\\\/sq\\\/#organization\"},\"potentialAction\":[{\"@type\":\"SearchAction\",\"target\":{\"@type\":\"EntryPoint\",\"urlTemplate\":\"https:\\\/\\\/foreverfireflies.com\\\/sq\\\/?s={search_term_string}\"},\"query-input\":{\"@type\":\"PropertyValueSpecification\",\"valueRequired\":true,\"valueName\":\"search_term_string\"}}],\"inLanguage\":\"sq-AL\"},{\"@type\":\"Organization\",\"@id\":\"https:\\\/\\\/foreverfireflies.com\\\/sq\\\/#organization\",\"name\":\"P\u00ebrgjithmon\u00eb xix\u00ebllonja\",\"url\":\"https:\\\/\\\/foreverfireflies.com\\\/sq\\\/\",\"logo\":{\"@type\":\"ImageObject\",\"inLanguage\":\"sq-AL\",\"@id\":\"https:\\\/\\\/foreverfireflies.com\\\/sq\\\/#\\\/schema\\\/logo\\\/image\\\/\",\"url\":\"https:\\\/\\\/i0.wp.com\\\/foreverfireflies.com\\\/wp-content\\\/uploads\\\/2025\\\/03\\\/site-logo.png?fit=440%2C375&ssl=1\",\"contentUrl\":\"https:\\\/\\\/i0.wp.com\\\/foreverfireflies.com\\\/wp-content\\\/uploads\\\/2025\\\/03\\\/site-logo.png?fit=440%2C375&ssl=1\",\"width\":440,\"height\":375,\"caption\":\"P\u00ebrgjithmon\u00eb xix\u00ebllonja\"},\"image\":{\"@id\":\"https:\\\/\\\/foreverfireflies.com\\\/sq\\\/#\\\/schema\\\/logo\\\/image\\\/\"}}]}<\/script>\n<!-- \/ Yoast SEO plugin. -->","yoast_head_json":{"title":"Buletini - Forever Fireflies","robots":{"index":"index","follow":"follow","max-snippet":"max-snippet:-1","max-image-preview":"max-image-preview:large","max-video-preview":"max-video-preview:-1"},"canonical":"https:\/\/foreverfireflies.com\/sq\/buletini\/","og_locale":"sq_AL","og_type":"article","og_title":"Buletini - Forever Fireflies","og_description":"Gati p\u00ebr t&#8217;u bashkuar me ne? Regjistrohu p\u00ebr t\u00eb marr\u00eb p\u00ebrdit\u00ebsime me email.","og_url":"https:\/\/foreverfireflies.com\/sq\/buletini\/","og_site_name":"Forever Fireflies","article_modified_time":"2025-03-29T04:39:34+00:00","og_image":[{"url":"https:\/\/foreverfireflies.com\/wp-content\/uploads\/2025\/03\/logo2.png","type":"","width":"","height":""}],"twitter_card":"summary_large_image","twitter_misc":{"Est. reading time":"1 minute"},"schema":{"@context":"https:\/\/schema.org","@graph":[{"@type":"WebPage","@id":"https:\/\/foreverfireflies.com\/sq\/buletini\/","url":"https:\/\/foreverfireflies.com\/sq\/buletini\/","name":"Buletini - Forever Fireflies","isPartOf":{"@id":"https:\/\/foreverfireflies.com\/sq\/#website"},"primaryImageOfPage":{"@id":"https:\/\/foreverfireflies.com\/sq\/buletini\/#primaryimage"},"image":{"@id":"https:\/\/foreverfireflies.com\/sq\/buletini\/#primaryimage"},"thumbnailUrl":"https:\/\/foreverfireflies.com\/wp-content\/uploads\/2025\/03\/logo2.png","datePublished":"2025-03-26T18:13:44+00:00","dateModified":"2025-03-29T04:39:34+00:00","breadcrumb":{"@id":"https:\/\/foreverfireflies.com\/sq\/buletini\/#breadcrumb"},"inLanguage":"sq-AL","potentialAction":[{"@type":"ReadAction","target":["https:\/\/foreverfireflies.com\/sq\/buletini\/"]}]},{"@type":"ImageObject","inLanguage":"sq-AL","@id":"https:\/\/foreverfireflies.com\/sq\/buletini\/#primaryimage","url":"https:\/\/foreverfireflies.com\/wp-content\/uploads\/2025\/03\/logo2.png","contentUrl":"https:\/\/foreverfireflies.com\/wp-content\/uploads\/2025\/03\/logo2.png"},{"@type":"BreadcrumbList","@id":"https:\/\/foreverfireflies.com\/sq\/buletini\/#breadcrumb","itemListElement":[{"@type":"ListItem","position":1,"name":"Sht\u00ebpi","item":"https:\/\/foreverfireflies.com\/sq\/"},{"@type":"ListItem","position":2,"name":"Buletini"}]},{"@type":"WebSite","@id":"https:\/\/foreverfireflies.com\/sq\/#website","url":"https:\/\/foreverfireflies.com\/sq\/","name":"Forever Fireflies","description":"Comprehensive Menopause Support &amp; Wellness Blog Guide","publisher":{"@id":"https:\/\/foreverfireflies.com\/sq\/#organization"},"potentialAction":[{"@type":"SearchAction","target":{"@type":"EntryPoint","urlTemplate":"https:\/\/foreverfireflies.com\/sq\/?s={search_term_string}"},"query-input":{"@type":"PropertyValueSpecification","valueRequired":true,"valueName":"search_term_string"}}],"inLanguage":"sq-AL"},{"@type":"Organization","@id":"https:\/\/foreverfireflies.com\/sq\/#organization","name":"P\u00ebrgjithmon\u00eb xix\u00ebllonja","url":"https:\/\/foreverfireflies.com\/sq\/","logo":{"@type":"ImageObject","inLanguage":"sq-AL","@id":"https:\/\/foreverfireflies.com\/sq\/#\/schema\/logo\/image\/","url":"https:\/\/i0.wp.com\/foreverfireflies.com\/wp-content\/uploads\/2025\/03\/site-logo.png?fit=440%2C375&ssl=1","contentUrl":"https:\/\/i0.wp.com\/foreverfireflies.com\/wp-content\/uploads\/2025\/03\/site-logo.png?fit=440%2C375&ssl=1","width":440,"height":375,"caption":"P\u00ebrgjithmon\u00eb xix\u00ebllonja"},"image":{"@id":"https:\/\/foreverfireflies.com\/sq\/#\/schema\/logo\/image\/"}}]}},"jetpack_likes_enabled":true,"jetpack_sharing_enabled":true,"jetpack_shortlink":"https:\/\/wp.me\/PgpL6e-8t","jetpack-related-posts":[],"_links":{"self":[{"href":"https:\/\/foreverfireflies.com\/sq\/wp-json\/wp\/v2\/pages\/525","targetHints":{"allow":["GET"]}}],"collection":[{"href":"https:\/\/foreverfireflies.com\/sq\/wp-json\/wp\/v2\/pages"}],"about":[{"href":"https:\/\/foreverfireflies.com\/sq\/wp-json\/wp\/v2\/types\/page"}],"author":[{"embeddable":true,"href":"https:\/\/foreverfireflies.com\/sq\/wp-json\/wp\/v2\/users\/263198898"}],"replies":[{"embeddable":true,"href":"https:\/\/foreverfireflies.com\/sq\/wp-json\/wp\/v2\/comments?post=525"}],"version-history":[{"count":0,"href":"https:\/\/foreverfireflies.com\/sq\/wp-json\/wp\/v2\/pages\/525\/revisions"}],"wp:attachment":[{"href":"https:\/\/foreverfireflies.com\/sq\/wp-json\/wp\/v2\/media?parent=525"}],"curies":[{"name":"wp","href":"https:\/\/api.w.org\/{rel}","templated":true}]}}