{"id":745,"date":"2025-03-28T23:25:56","date_gmt":"2025-03-29T03:25:56","guid":{"rendered":"https:\/\/foreverfireflies.com\/privacidad\/"},"modified":"2025-06-09T06:48:49","modified_gmt":"2025-06-09T10:48:49","slug":"privacy","status":"publish","type":"page","link":"https:\/\/foreverfireflies.com\/es\/privacy\/","title":{"rendered":"Pol\u00edtica de privacidad"},"content":{"rendered":"\n<p class=\"has-text-align-center has-large-font-size\"><strong>Pol\u00edtica de privacidad de Forever Fireflies  <\/strong><\/p>\n\n<p class=\"has-text-align-center has-large-font-size\"><strong>Fecha de entrada en vigor: 20 de abril de 2025  <\/strong><\/p>\n\n<p class=\"has-medium-font-size\"><strong>1.Introducci\u00f3n<\/strong><\/p>\n\n<p>Bienvenido a Forever Fireflies (\u00abnosotros\u00bb, \u00abnos\u00bb, \u00abnuestro\u00bb o \u00abForever Fireflies\u00bb). Nos comprometemos a proteger la privacidad de nuestros visitantes y usuarios (\u00abt\u00fa\u00bb, \u00abtu\u00bb). Esta Pol\u00edtica de Privacidad explica c\u00f3mo recogemos, utilizamos, revelamos y salvaguardamos tu informaci\u00f3n cuando visitas nuestro sitio web <a href=\"http:\/\/www.foreverfireflies.com\" rel=\"nofollow\">http:\/\/www.foreverfireflies.com<\/a>, incluyendo cualquier servicio relacionado como nuestro bolet\u00edn de noticias (colectivamente, el \u00abSitio\u00bb). Lee atentamente esta pol\u00edtica de privacidad. Al utilizar el Sitio, aceptas los t\u00e9rminos de esta pol\u00edtica de privacidad. Si no est\u00e1s de acuerdo con los t\u00e9rminos, por favor, no accedas al sitio. Nos reservamos el derecho a realizar cambios en esta Pol\u00edtica de Privacidad en cualquier momento y por cualquier motivo. Te avisaremos de cualquier cambio actualizando la \u00abFecha de entrada en vigor\u00bb de esta Pol\u00edtica de privacidad. Te recomendamos que revises peri\u00f3dicamente esta Pol\u00edtica de Privacidad para mantenerte informado de las actualizaciones.        <\/p>\n\n<p class=\"has-medium-font-size\"><strong>2. Informaci\u00f3n que recogemos<\/strong> <\/p>\n\n<p class=\"has-medium-font-size\">Recogemos varios tipos de informaci\u00f3n para prestar y mejorar nuestros servicios, entre ellos:<\/p>\n\n<ul class=\"wp-block-list\">\n<li><strong>Cookies y tecnolog\u00edas de seguimiento:<\/strong> Utilizamos cookies y tecnolog\u00edas de seguimiento similares para rastrear la actividad en nuestro Sitio y conservar cierta informaci\u00f3n. Puedes optar por desactivar las cookies a trav\u00e9s de la configuraci\u00f3n de tu navegador, pero hacerlo puede afectar a tu capacidad para utilizar algunas funciones de nuestro Sitio. <\/li>\n<\/ul>\n\n<ul class=\"wp-block-list\">\n<li><strong>Datos personales:<\/strong> Esto incluye los datos que nos proporcionas directamente, como cuando te suscribes a boletines informativos, realizas una compra o te pones en contacto con nosotros. Esto puede incluir tu nombre, direcci\u00f3n de correo electr\u00f3nico, n\u00famero de tel\u00e9fono o informaci\u00f3n de pago. <\/li>\n<\/ul>\n\n<ul class=\"wp-block-list\">\n<li><strong>Datos de uso:<\/strong> Recogemos informaci\u00f3n sobre c\u00f3mo accedes y utilizas el Sitio, como tu direcci\u00f3n IP, el tipo de navegador, las p\u00e1ginas que visitas y la hora y fecha de tus visitas. Estos datos nos ayudan a mejorar la funcionalidad del Sitio y a mejorar la experiencia del usuario. <\/li>\n<\/ul>\n\n<ul class=\"wp-block-list\">\n<li><strong>Comentarios\/Publicaciones:<\/strong> Aunque permitimos la publicaci\u00f3n an\u00f3nima (lo que significa que tu nombre no se mostrar\u00e1 p\u00fablicamente con tu comentario), recopilamos autom\u00e1ticamente ciertos datos asociados a tu interacci\u00f3n, como tu direcci\u00f3n IP y la cadena de agente de usuario del navegador, para ayudar a detectar el spam y mantener la seguridad del sitio.  <\/li>\n<\/ul>\n\n<ul class=\"wp-block-list\">\n<li><strong>Formularios de contacto\/correos electr\u00f3nicos:<\/strong> Si te pones en contacto con nosotros directamente, podemos recopilar tu nombre, direcci\u00f3n de correo electr\u00f3nico y cualquier otra informaci\u00f3n que proporciones en tu mensaje. Datos Derivados (Recogidos Autom\u00e1ticamente): Informaci\u00f3n que nuestros servidores recogen autom\u00e1ticamente cuando accedes al Sitio, como por ejemplo Tu direcci\u00f3n IP Tu tipo y versi\u00f3n de navegador Tu sistema operativo Tus URL de referencia (el sitio web del que procedes) Las p\u00e1ginas que ves en nuestro Sitio Las fechas y horas de tu visita Informaci\u00f3n del dispositivo Datos de las cookies (ver Secci\u00f3n 4). <\/li>\n<\/ul>\n\n<p class=\"has-medium-font-size\"><strong>3. C\u00f3mo utilizamos tu informaci\u00f3n  <\/strong><\/p>\n\n<p class=\"has-medium-font-size\">Utilizamos la informaci\u00f3n que recogemos de las siguientes maneras:<\/p>\n\n<ul class=\"wp-block-list\">\n<li>Para proporcionar, mantener y mejorar nuestros servicios.<\/li>\n\n\n\n<li>Para comunicarnos contigo, lo que incluye responder a tus consultas y enviarte actualizaciones o materiales de marketing (si has optado por ello).<\/li>\n\n\n\n<li>Para analizar patrones de uso y mejorar la experiencia del usuario.<\/li>\n\n\n\n<li>Garantizar la seguridad del Sitio y protegerlo contra el acceso no autorizado.<\/li>\n\n\n\n<li>Para cumplir obligaciones legales.<\/li>\n<\/ul>\n\n<p class=\"has-medium-font-size\"><strong>4. Cookies y tecnolog\u00edas de seguimiento<\/strong> <\/p>\n\n<p>Utilizamos cookies, balizas web, p\u00edxeles de seguimiento y otras tecnolog\u00edas de seguimiento en el Sitio para ayudar a personalizar el Sitio y mejorar tu experiencia.  <\/p>\n\n<p><em><strong>Qu\u00e9 son las Cookies<\/strong><\/em>? Las cookies son peque\u00f1os archivos de texto que tu navegador almacena en tu ordenador o dispositivo m\u00f3vil. Ayudan a los sitios web a recordar informaci\u00f3n sobre tu visita. <strong><em>Cookies esenciales<\/em><\/strong>: Necesarias para la funcionalidad b\u00e1sica del Sitio. Rendimiento<strong><em>Cookies Anal\u00edticas<\/em><\/strong>: Nos ayudan a comprender c\u00f3mo interact\u00faan los visitantes con nuestro Sitio (por ejemplo, Google Analytics). Estos datos suelen agregarse y anonimizarse.      <\/p>\n\n<p><strong><em>Cookies publicitarias:<\/em><\/strong> Utilizadas por nosotros y por terceros socios publicitarios para mostrar anuncios que puedan ser relevantes para tus intereses en funci\u00f3n de tus actividades de Navegaci\u00f3n (ver Secci\u00f3n 5). Tus elecciones: La mayor\u00eda de los navegadores est\u00e1n configurados para aceptar cookies por defecto. Normalmente puedes elegir configurar tu navegador para que elimine o rechace las cookies de navegaci\u00f3n. Ten en cuenta que si decides eliminar o rechazar las cookies, esto podr\u00eda afectar a la disponibilidad y funcionalidad del Sitio. Para m\u00e1s informaci\u00f3n sobre c\u00f3mo controlar las cookies, comprueba la configuraci\u00f3n de tu navegador o dispositivo.     Tambi\u00e9n puedes optar por excluirte de la publicidad basada en intereses a trav\u00e9s de programas de exclusi\u00f3n voluntaria del sector como la NAI (Network Advertising Initiative) o la DAA (Digital Advertising Alliance).<\/p>\n\n<p class=\"has-medium-font-size\"><strong>5. Publicidad de terceros<\/strong> <\/p>\n\n<p>Utilizamos empresas de publicidad de terceros para publicar anuncios cuando visitas el Sitio. Estas empresas pueden utilizar informaci\u00f3n (que no incluye tu nombre, direcci\u00f3n, direcci\u00f3n de correo electr\u00f3nico o n\u00famero de tel\u00e9fono directamente, pero s\u00ed los datos recogidos mediante cookies y tecnolog\u00edas de seguimiento como tu direcci\u00f3n IP y el comportamiento de navegaci\u00f3n) sobre tus visitas a este y otros sitios web para ofrecerte anuncios sobre bienes y servicios que probablemente sean de mayor inter\u00e9s para ti. Estos terceros utilizan cookies y tecnolog\u00edas de seguimiento similares para recopilar esta informaci\u00f3n. El uso que hacen de tu informaci\u00f3n se rige por sus propias pol\u00edticas de privacidad. Te animamos a que revises las pol\u00edticas de privacidad de nuestros socios publicitarios.<\/p>\n\n<p class=\"has-medium-font-size\"><strong>6. Compartir tu informaci\u00f3n<\/strong> <\/p>\n\n<p>No vendemos ni alquilamos tu informaci\u00f3n personal a terceros. Sin embargo, podemos compartir informaci\u00f3n con proveedores de servicios de confianza para que realicen funciones en nuestro nombre, como procesamiento de pagos, alojamiento y servicios de marketing. Estos terceros est\u00e1n obligados a mantener la confidencialidad de tu informaci\u00f3n y a utilizarla exclusivamente para los fines para los que fue facilitada.  <\/p>\n\n<p>Tambi\u00e9n podemos compartir informaci\u00f3n si as\u00ed lo exige la ley, para cumplir con una obligaci\u00f3n legal o para proteger los derechos, la propiedad o la seguridad de Forever Fireflies, nuestros usuarios u otros.  <\/p>\n\n<p>Como se describe en la Secci\u00f3n 5, la informaci\u00f3n recogida a trav\u00e9s de cookies puede ser compartida con socios publicitarios para facilitar la publicidad basada en intereses. Seg\u00fan leyes como la CCPA\/CPRA, esto puede considerarse \u00abcompartir\u00bb.   <\/p>\n\n<p class=\"has-medium-font-size\"><strong>7. Seguridad de los datos<\/strong> <\/p>\n\n<p>Utilizamos medidas de seguridad administrativas, t\u00e9cnicas y f\u00edsicas para ayudar a proteger tu informaci\u00f3n personal. Aunque hemos tomado medidas razonables para asegurar la informaci\u00f3n personal que nos proporcionas, ten en cuenta que, a pesar de nuestros esfuerzos, ninguna medida de seguridad es perfecta o impenetrable, y ning\u00fan m\u00e9todo de transmisi\u00f3n de datos puede garantizarse contra cualquier interceptaci\u00f3n u otro tipo de uso indebido.   <\/p>\n\n<p class=\"has-medium-font-size\"><strong>8. Conservaci\u00f3n de datos<\/strong> <\/p>\n\n<p>Conservaremos tu informaci\u00f3n personal s\u00f3lo durante el tiempo que sea necesario para los fines establecidos en esta Pol\u00edtica de privacidad, a menos que la ley exija o permita un per\u00edodo de conservaci\u00f3n m\u00e1s largo (como requisitos fiscales, contables u otros requisitos legales). Por ejemplo, conservamos las direcciones de correo electr\u00f3nico de las suscripciones a boletines hasta que te das de baja. Los datos recogidos autom\u00e1ticamente (como los registros del servidor) suelen conservarse durante periodos m\u00e1s cortos, a menos que sean necesarios para investigaciones de seguridad o cumplimiento legal.    <\/p>\n\n<p class=\"has-medium-font-size\"><strong>9. Privacidad de los ni\u00f1os<\/strong><\/p>\n\n<p>Nuestro Sitio no est\u00e1 destinado ni dirigido a menores de 18 a\u00f1os. No recopilamos conscientemente informaci\u00f3n personal identificable de menores de 18 a\u00f1os. Si nos damos cuenta de que hemos recogido inadvertidamente informaci\u00f3n personal de un menor de 18 a\u00f1os sin verificar el consentimiento paterno, tomaremos medidas para borrar esa informaci\u00f3n lo antes posible. Si eres padre o tutor y crees que tu hijo menor de 18 a\u00f1os nos ha proporcionado informaci\u00f3n personal, ponte en contacto con nosotros inmediatamente en contact@foreverfireflies.com.<\/p>\n\n<p class=\"has-medium-font-size\"><strong>10. Tus derechos de privacidad<\/strong><\/p>\n\n<p>Dependiendo de tu ubicaci\u00f3n, puedes tener ciertos derechos en relaci\u00f3n con tu informaci\u00f3n personal. Para residentes en el Espacio Econ\u00f3mico Europeo (EEE), Reino Unido y Suiza (GDPR): Derecho de acceso: Tienes derecho a solicitar copias de tus datos personales. Derecho de Rectificaci\u00f3n: Tienes derecho a solicitar que corrijamos cualquier informaci\u00f3n que consideres inexacta o que completemos cualquier informaci\u00f3n que consideres incompleta. Derecho a la supresi\u00f3n (Derecho al olvido): Tienes derecho a solicitar que borremos tus datos personales, en determinadas condiciones. Derecho a restringir el tratamiento: Tienes derecho a solicitar que restrinjamos el tratamiento de tus datos personales, en determinadas condiciones. Derecho a oponerte al tratamiento: Tienes derecho a oponerte a que procesemos tus datos personales, en determinadas condiciones (especialmente para marketing directo). Derecho a la portabilidad de datos: Tienes derecho a solicitar que transfiramos los datos que hemos recopilado a otra organizaci\u00f3n, o directamente a ti, en determinadas condiciones. Derecho a retirar el consentimiento: Cuando nos basemos en el consentimiento (por ejemplo, para el bolet\u00edn de noticias), tienes derecho a retirarlo en cualquier momento. Derecho a presentar una reclamaci\u00f3n: Tienes derecho a presentar una reclamaci\u00f3n ante una autoridad de control. Para residentes en California (CCPA\/CPRA): Derecho a saber\/acceso: Tienes derecho a solicitar informaci\u00f3n sobre las categor\u00edas y los datos concretos de informaci\u00f3n personal que hemos recopilado sobre ti, las fuentes de la informaci\u00f3n, los fines para los que la recopilamos y las categor\u00edas de terceros con los que la hemos compartido. Derecho de supresi\u00f3n: Tienes derecho a solicitar la supresi\u00f3n de tus datos personales, salvo determinadas excepciones. Derecho de rectificaci\u00f3n: Tienes derecho a solicitar la rectificaci\u00f3n de los datos personales inexactos. Derecho a excluirte de la venta\/compartici\u00f3n: Tienes derecho a excluirte de la \u00abventa\u00bb o \u00abuso compartido\u00bb de tu informaci\u00f3n personal. Tal y como se utiliza aqu\u00ed, \u00abcompartir\u00bb puede incluir la divulgaci\u00f3n de informaci\u00f3n personal para publicidad conductual entre contextos (publicidad basada en intereses). Puedes ejercer este derecho gestionando tus preferencias de cookies o poni\u00e9ndote en contacto con nosotros. Derecho a limitar el uso de informaci\u00f3n personal sensible: Aunque normalmente no recopilamos informaci\u00f3n personal sensible, tienes este derecho si procede. Derecho a la no discriminaci\u00f3n: No te discriminaremos por ejercer cualquiera de tus derechos CCPA\/CPRA. Ejercicio de tus derechos: Para ejercer cualquiera de estos derechos, ponte en contacto con nosotros en contact@foreverfireflies.com.<\/p>\n\n<p class=\"has-medium-font-size\"><strong>11. Transferencias internacionales de datos<\/strong> <\/p>\n\n<p>Tu informaci\u00f3n, incluidos los datos personales, puede ser transferida a -y mantenida en- ordenadores situados fuera de tu estado, provincia, pa\u00eds u otra jurisdicci\u00f3n gubernamental donde las leyes de protecci\u00f3n de datos puedan diferir de las de tu jurisdicci\u00f3n. Si te encuentras fuera de Estados Unidos y decides proporcionarnos informaci\u00f3n, ten en cuenta que transferimos los datos, incluidos los Datos Personales, a Estados Unidos y los procesamos all\u00ed. Tomaremos las medidas de seguridad adecuadas para garantizar que tus datos personales se tratan de forma segura y de acuerdo con esta Pol\u00edtica de privacidad .    <\/p>\n\n<p class=\"has-medium-font-size\"><strong>12. Enlaces a otros sitios web<\/strong><\/p>\n\n<p>Nuestro Sitio puede contener enlaces a otros sitios web que no son operados por nosotros. Si haces clic en un enlace de terceros, ser\u00e1s dirigido al sitio de ese tercero. Te recomendamos encarecidamente que revises la Pol\u00edtica de Privacidad de cada sitio que visites. No tenemos ning\u00fan control ni asumimos ninguna responsabilidad por el contenido, las pol\u00edticas de privacidad o las pr\u00e1cticas de los sitios o servicios de terceros.     <\/p>\n\n<p class=\"has-medium-font-size\"><strong>13. Ponte en contacto con nosotros<\/strong> <\/p>\n\n<p>Si tienes preguntas o comentarios sobre esta Pol\u00edtica de Privacidad, ponte en contacto con nosotros en: contact@forereverfireflies.com.<\/p>\n","protected":false},"excerpt":{"rendered":"<p>Pol\u00edtica de privacidad de Forever Fireflies Fecha de entrada en vigor: 20 de abril de 2025 1.Introducci\u00f3n Bienvenido a Forever Fireflies (\u00abnosotros\u00bb, \u00abnos\u00bb, \u00abnuestro\u00bb o \u00abForever Fireflies\u00bb). Nos comprometemos a proteger la privacidad de nuestros visitantes y usuarios (\u00abt\u00fa\u00bb, \u00abtu\u00bb). Esta Pol\u00edtica de Privacidad explica c\u00f3mo recogemos, utilizamos, revelamos y salvaguardamos tu informaci\u00f3n cuando visitas [&hellip;]<\/p>\n","protected":false},"author":263198898,"featured_media":0,"parent":0,"menu_order":0,"comment_status":"closed","ping_status":"closed","template":"","meta":{"footnotes":""},"class_list":["post-745","page","type-page","status-publish","hentry"],"yoast_head":"<!-- This site is optimized with the Yoast SEO plugin v27.4 - https:\/\/yoast.com\/product\/yoast-seo-wordpress\/ -->\n<title>Pol\u00edtica de privacidad - Forever Fireflies<\/title>\n<meta name=\"description\" content=\"Descubre c\u00f3mo recoge, utiliza y protege Forever Fireflies tu informaci\u00f3n personal. Tu privacidad es importante para nosotros, y nos comprometemos a salvaguardarla.\" \/>\n<meta name=\"robots\" content=\"index, follow, max-snippet:-1, max-image-preview:large, max-video-preview:-1\" \/>\n<link rel=\"canonical\" href=\"https:\/\/foreverfireflies.com\/es\/privacy\/\" \/>\n<meta property=\"og:locale\" content=\"es_ES\" \/>\n<meta property=\"og:type\" content=\"article\" \/>\n<meta property=\"og:title\" content=\"Pol\u00edtica de privacidad - Forever Fireflies\" \/>\n<meta property=\"og:description\" content=\"Descubre c\u00f3mo recoge, utiliza y protege Forever Fireflies tu informaci\u00f3n personal. Tu privacidad es importante para nosotros, y nos comprometemos a salvaguardarla.\" \/>\n<meta property=\"og:url\" content=\"https:\/\/foreverfireflies.com\/es\/privacy\/\" \/>\n<meta property=\"og:site_name\" content=\"Forever Fireflies\" \/>\n<meta property=\"article:modified_time\" content=\"2025-06-09T10:48:49+00:00\" \/>\n<meta name=\"twitter:card\" content=\"summary_large_image\" \/>\n<meta name=\"twitter:label1\" content=\"Tiempo de lectura\" \/>\n\t<meta name=\"twitter:data1\" content=\"10 minuto\" \/>\n<script type=\"application\/ld+json\" class=\"yoast-schema-graph\">{\"@context\":\"https:\\\/\\\/schema.org\",\"@graph\":[{\"@type\":\"WebPage\",\"@id\":\"https:\\\/\\\/foreverfireflies.com\\\/es\\\/privacy\\\/\",\"url\":\"https:\\\/\\\/foreverfireflies.com\\\/es\\\/privacy\\\/\",\"name\":\"Pol\u00edtica de privacidad - Forever Fireflies\",\"isPartOf\":{\"@id\":\"https:\\\/\\\/foreverfireflies.com\\\/es\\\/#website\"},\"datePublished\":\"2025-03-29T03:25:56+00:00\",\"dateModified\":\"2025-06-09T10:48:49+00:00\",\"description\":\"Descubre c\u00f3mo recoge, utiliza y protege Forever Fireflies tu informaci\u00f3n personal. Tu privacidad es importante para nosotros, y nos comprometemos a salvaguardarla.\",\"breadcrumb\":{\"@id\":\"https:\\\/\\\/foreverfireflies.com\\\/es\\\/privacy\\\/#breadcrumb\"},\"inLanguage\":\"es\",\"potentialAction\":[{\"@type\":\"ReadAction\",\"target\":[\"https:\\\/\\\/foreverfireflies.com\\\/es\\\/privacy\\\/\"]}]},{\"@type\":\"BreadcrumbList\",\"@id\":\"https:\\\/\\\/foreverfireflies.com\\\/es\\\/privacy\\\/#breadcrumb\",\"itemListElement\":[{\"@type\":\"ListItem\",\"position\":1,\"name\":\"Inicio\",\"item\":\"https:\\\/\\\/foreverfireflies.com\\\/es\\\/\"},{\"@type\":\"ListItem\",\"position\":2,\"name\":\"Pol\u00edtica de privacidad\"}]},{\"@type\":\"WebSite\",\"@id\":\"https:\\\/\\\/foreverfireflies.com\\\/es\\\/#website\",\"url\":\"https:\\\/\\\/foreverfireflies.com\\\/es\\\/\",\"name\":\"Forever Fireflies\",\"description\":\"Comprehensive Menopause Support &amp; Wellness Blog Guide\",\"publisher\":{\"@id\":\"https:\\\/\\\/foreverfireflies.com\\\/es\\\/#organization\"},\"potentialAction\":[{\"@type\":\"SearchAction\",\"target\":{\"@type\":\"EntryPoint\",\"urlTemplate\":\"https:\\\/\\\/foreverfireflies.com\\\/es\\\/?s={search_term_string}\"},\"query-input\":{\"@type\":\"PropertyValueSpecification\",\"valueRequired\":true,\"valueName\":\"search_term_string\"}}],\"inLanguage\":\"es\"},{\"@type\":\"Organization\",\"@id\":\"https:\\\/\\\/foreverfireflies.com\\\/es\\\/#organization\",\"name\":\"Luci\u00e9rnagas para siempre\",\"url\":\"https:\\\/\\\/foreverfireflies.com\\\/es\\\/\",\"logo\":{\"@type\":\"ImageObject\",\"inLanguage\":\"es\",\"@id\":\"https:\\\/\\\/foreverfireflies.com\\\/es\\\/#\\\/schema\\\/logo\\\/image\\\/\",\"url\":\"https:\\\/\\\/i0.wp.com\\\/foreverfireflies.com\\\/wp-content\\\/uploads\\\/2025\\\/03\\\/site-logo.png?fit=440%2C375&ssl=1\",\"contentUrl\":\"https:\\\/\\\/i0.wp.com\\\/foreverfireflies.com\\\/wp-content\\\/uploads\\\/2025\\\/03\\\/site-logo.png?fit=440%2C375&ssl=1\",\"width\":440,\"height\":375,\"caption\":\"Luci\u00e9rnagas para siempre\"},\"image\":{\"@id\":\"https:\\\/\\\/foreverfireflies.com\\\/es\\\/#\\\/schema\\\/logo\\\/image\\\/\"}}]}<\/script>\n<!-- \/ Yoast SEO plugin. -->","yoast_head_json":{"title":"Pol\u00edtica de privacidad - Forever Fireflies","description":"Descubre c\u00f3mo recoge, utiliza y protege Forever Fireflies tu informaci\u00f3n personal. Tu privacidad es importante para nosotros, y nos comprometemos a salvaguardarla.","robots":{"index":"index","follow":"follow","max-snippet":"max-snippet:-1","max-image-preview":"max-image-preview:large","max-video-preview":"max-video-preview:-1"},"canonical":"https:\/\/foreverfireflies.com\/es\/privacy\/","og_locale":"es_ES","og_type":"article","og_title":"Pol\u00edtica de privacidad - Forever Fireflies","og_description":"Descubre c\u00f3mo recoge, utiliza y protege Forever Fireflies tu informaci\u00f3n personal. Tu privacidad es importante para nosotros, y nos comprometemos a salvaguardarla.","og_url":"https:\/\/foreverfireflies.com\/es\/privacy\/","og_site_name":"Forever Fireflies","article_modified_time":"2025-06-09T10:48:49+00:00","twitter_card":"summary_large_image","twitter_misc":{"Tiempo de lectura":"10 minuto"},"schema":{"@context":"https:\/\/schema.org","@graph":[{"@type":"WebPage","@id":"https:\/\/foreverfireflies.com\/es\/privacy\/","url":"https:\/\/foreverfireflies.com\/es\/privacy\/","name":"Pol\u00edtica de privacidad - Forever Fireflies","isPartOf":{"@id":"https:\/\/foreverfireflies.com\/es\/#website"},"datePublished":"2025-03-29T03:25:56+00:00","dateModified":"2025-06-09T10:48:49+00:00","description":"Descubre c\u00f3mo recoge, utiliza y protege Forever Fireflies tu informaci\u00f3n personal. Tu privacidad es importante para nosotros, y nos comprometemos a salvaguardarla.","breadcrumb":{"@id":"https:\/\/foreverfireflies.com\/es\/privacy\/#breadcrumb"},"inLanguage":"es","potentialAction":[{"@type":"ReadAction","target":["https:\/\/foreverfireflies.com\/es\/privacy\/"]}]},{"@type":"BreadcrumbList","@id":"https:\/\/foreverfireflies.com\/es\/privacy\/#breadcrumb","itemListElement":[{"@type":"ListItem","position":1,"name":"Inicio","item":"https:\/\/foreverfireflies.com\/es\/"},{"@type":"ListItem","position":2,"name":"Pol\u00edtica de privacidad"}]},{"@type":"WebSite","@id":"https:\/\/foreverfireflies.com\/es\/#website","url":"https:\/\/foreverfireflies.com\/es\/","name":"Forever Fireflies","description":"Comprehensive Menopause Support &amp; Wellness Blog Guide","publisher":{"@id":"https:\/\/foreverfireflies.com\/es\/#organization"},"potentialAction":[{"@type":"SearchAction","target":{"@type":"EntryPoint","urlTemplate":"https:\/\/foreverfireflies.com\/es\/?s={search_term_string}"},"query-input":{"@type":"PropertyValueSpecification","valueRequired":true,"valueName":"search_term_string"}}],"inLanguage":"es"},{"@type":"Organization","@id":"https:\/\/foreverfireflies.com\/es\/#organization","name":"Luci\u00e9rnagas para siempre","url":"https:\/\/foreverfireflies.com\/es\/","logo":{"@type":"ImageObject","inLanguage":"es","@id":"https:\/\/foreverfireflies.com\/es\/#\/schema\/logo\/image\/","url":"https:\/\/i0.wp.com\/foreverfireflies.com\/wp-content\/uploads\/2025\/03\/site-logo.png?fit=440%2C375&ssl=1","contentUrl":"https:\/\/i0.wp.com\/foreverfireflies.com\/wp-content\/uploads\/2025\/03\/site-logo.png?fit=440%2C375&ssl=1","width":440,"height":375,"caption":"Luci\u00e9rnagas para siempre"},"image":{"@id":"https:\/\/foreverfireflies.com\/es\/#\/schema\/logo\/image\/"}}]}},"jetpack_likes_enabled":true,"jetpack_sharing_enabled":true,"jetpack_shortlink":"https:\/\/wp.me\/PgpL6e-c1","jetpack-related-posts":[],"_links":{"self":[{"href":"https:\/\/foreverfireflies.com\/es\/wp-json\/wp\/v2\/pages\/745","targetHints":{"allow":["GET"]}}],"collection":[{"href":"https:\/\/foreverfireflies.com\/es\/wp-json\/wp\/v2\/pages"}],"about":[{"href":"https:\/\/foreverfireflies.com\/es\/wp-json\/wp\/v2\/types\/page"}],"author":[{"embeddable":true,"href":"https:\/\/foreverfireflies.com\/es\/wp-json\/wp\/v2\/users\/263198898"}],"replies":[{"embeddable":true,"href":"https:\/\/foreverfireflies.com\/es\/wp-json\/wp\/v2\/comments?post=745"}],"version-history":[{"count":0,"href":"https:\/\/foreverfireflies.com\/es\/wp-json\/wp\/v2\/pages\/745\/revisions"}],"wp:attachment":[{"href":"https:\/\/foreverfireflies.com\/es\/wp-json\/wp\/v2\/media?parent=745"}],"curies":[{"name":"wp","href":"https:\/\/api.w.org\/{rel}","templated":true}]}}