{"id":557,"date":"2023-05-19T08:32:10","date_gmt":"2023-05-19T12:32:10","guid":{"rendered":"https:\/\/foreverfireflies.com\/blog\/"},"modified":"2025-03-31T23:27:05","modified_gmt":"2025-04-01T03:27:05","slug":"blog","status":"publish","type":"page","link":"https:\/\/foreverfireflies.com\/es\/blog\/","title":{"rendered":"Blog"},"content":{"rendered":"\n<div class=\"wp-block-query alignwide is-layout-flow wp-block-query-is-layout-flow\"><ul class=\"wp-block-post-template is-layout-flow wp-block-post-template-is-layout-flow\"><li class=\"wp-block-post post-1900 post type-post status-publish format-standard has-post-thumbnail hentry category-sin-categoria tag-cambios-hormonales tag-estrogeno tag-hrt tag-menopausia tag-mujeres-de-mediana-edad tag-perimenopausia tag-salud-de-la-mujer tag-sustitucion-hormonal\">\n\n<div class=\"wp-block-group has-global-padding is-layout-constrained wp-block-group-is-layout-constrained\">\n<h6 class=\"wp-block-heading has-text-align-center has-text-color has-link-color wp-elements-dd53b28fc4c343216bff5003c036d684\" style=\"color:#933e1280\">\u00daltima entrada<\/h6>\n\n\n\n<figure class=\"wp-block-image size-large\"><img data-recalc-dims=\"1\" loading=\"lazy\" decoding=\"async\" width=\"1024\" height=\"728\" src=\"https:\/\/i0.wp.com\/foreverfireflies.com\/wp-content\/uploads\/2025\/03\/7298641610211072851.jpg?resize=1024%2C728&#038;ssl=1\" alt=\"\" class=\"wp-image-893\"\/><\/figure>\n\n\n<h2 style=\"font-style:normal;font-weight:300;\" class=\"has-text-align-center wp-block-post-title\"><a href=\"https:\/\/foreverfireflies.com\/es\/2026\/03\/20\/same-car-different-fuel-the-hormone-conversation-we-should-have-had-sooner\/\" target=\"_self\" >Mismo coche, distinto combustible: la conversaci\u00f3n sobre hormonas que deber\u00edamos haber tenido antes<\/a><\/h2>\n\n<div style=\"color:#933e1280; font-style:normal;font-weight:300;\" class=\"has-text-align-center wp-block-post-date has-text-color\"><time datetime=\"2026-03-20T11:45:27-04:00\">20 de marzo de 2026<\/time><\/div>\n\n<div class=\"has-text-align-center wp-block-post-excerpt\"><p class=\"wp-block-post-excerpt__excerpt\">Durante d\u00e9cadas, un estudio err\u00f3neo mantuvo a las mujeres alejadas de la terapia hormonal, y demasiadas de nosotras pagamos el precio. <a class=\"wp-block-post-excerpt__more-link\" href=\"https:\/\/foreverfireflies.com\/es\/2026\/03\/20\/same-car-different-fuel-the-hormone-conversation-we-should-have-had-sooner\/\">Sigue leyendo \u2192<\/a><\/p><\/div><\/div>\n\n<\/li><\/ul><\/div>\n\n<hr class=\"wp-block-separator alignwide has-text-color has-secondary-color has-alpha-channel-opacity has-secondary-background-color has-background is-style-wide\" style=\"margin-top:80px;margin-bottom:80px\"\/>\n\n<div class=\"wp-block-query alignwide is-layout-flow wp-block-query-is-layout-flow\"><ul class=\"wp-block-post-template is-layout-flow wp-block-post-template-is-layout-flow\"><li class=\"wp-block-post post-1854 post type-post status-publish format-standard has-post-thumbnail hentry category-sin-categoria tag-bienestar tag-cambios-hormonales tag-confianza-en-la-mediana-edad tag-menopausia tag-mujeres-de-mediana-edad tag-niebla-cerebral-es tag-niebla-cerebral-menopausia tag-perimenopausia tag-postmenopausia tag-salud-de-la-mujer\">\n\n<div class=\"wp-block-columns alignwide are-vertically-aligned-center is-layout-flex wp-container-core-columns-is-layout-28f84493 wp-block-columns-is-layout-flex\">\n<div class=\"wp-block-column is-vertically-aligned-center is-layout-flow wp-block-column-is-layout-flow\" style=\"flex-basis:33%\">\n<figure class=\"wp-block-gallery has-nested-images columns-default is-cropped wp-block-gallery-1 is-layout-flex wp-block-gallery-is-layout-flex\">\n<figure class=\"wp-block-image size-thumbnail\"><img data-recalc-dims=\"1\" height=\"150\" width=\"150\" decoding=\"async\" data-id=\"941\" src=\"https:\/\/i0.wp.com\/foreverfireflies.com\/wp-content\/uploads\/2025\/03\/Share-1897262700840526124-8-150x150.jpg?resize=150%2C150&#038;ssl=1\" alt=\"\" class=\"wp-image-941\"\/><\/figure>\n<\/figure>\n<\/div>\n\n\n\n<div class=\"wp-block-column is-vertically-aligned-center is-layout-flow wp-block-column-is-layout-flow\">\n<div class=\"wp-block-group is-vertical is-layout-flex wp-container-core-group-is-layout-fe9cc265 wp-block-group-is-layout-flex\">\n<div class=\"wp-block-group is-vertical is-layout-flex wp-container-core-group-is-layout-18db1c31 wp-block-group-is-layout-flex\" style=\"padding-top:0;padding-bottom:0\"><h3 style=\"font-style:normal;font-weight:300;\" class=\"wp-block-post-title\"><a href=\"https:\/\/foreverfireflies.com\/es\/2026\/02\/18\/menopause-confidence-identity\/\" target=\"_self\" >He estado al rev\u00e9s: Encontrando Mi Camino de Regreso a Trav\u00e9s del Cambio Hormonal de la Mediana Edad.<\/a><\/h3>\n\n<div style=\"color:#933e1280; font-style:normal;font-weight:300;\" class=\"wp-block-post-date has-text-color\"><time datetime=\"2026-02-18T22:24:10-05:00\">18 de febrero de 2026<\/time><\/div><\/div>\n\n\n<div class=\"wp-block-post-excerpt\"><p class=\"wp-block-post-excerpt__excerpt\">&#13; DICEN QUE EL SILENCIO ES ORO. &#13; &#13; Durante los \u00faltimos meses, mi silencio no era dorado. Era pesado. &#13; &#13; Me alej\u00e9 de este blog porque perd\u00ed la confianza en m\u00ed misma. La transici\u00f3n hormonal de la mediana edad -ya fuera perimenopausia, menopausia o posmenopausia- no s\u00f3lo trajo s\u00edntomas f\u00edsicos. Trajo niebla cerebral, <a class=\"wp-block-post-excerpt__more-link\" href=\"https:\/\/foreverfireflies.com\/es\/2026\/02\/18\/menopause-confidence-identity\/\">Sigue leyendo \u2192<\/a><\/p><\/div><\/div>\n<\/div>\n<\/div>\n\n\n\n<div style=\"height:10px\" aria-hidden=\"true\" class=\"wp-block-spacer\"><\/div>\n\n\n\n<\/li><li class=\"wp-block-post post-1412 post type-post status-publish format-standard has-post-thumbnail hentry category-sin-categoria tag-niebla-cerebral-es\">\n\n<div class=\"wp-block-columns alignwide are-vertically-aligned-center is-layout-flex wp-container-core-columns-is-layout-28f84493 wp-block-columns-is-layout-flex\">\n<div class=\"wp-block-column is-vertically-aligned-center is-layout-flow wp-block-column-is-layout-flow\" style=\"flex-basis:33%\">\n<figure class=\"wp-block-gallery has-nested-images columns-default is-cropped wp-block-gallery-2 is-layout-flex wp-block-gallery-is-layout-flex\">\n<figure class=\"wp-block-image size-thumbnail\"><img data-recalc-dims=\"1\" height=\"150\" width=\"150\" decoding=\"async\" data-id=\"941\" src=\"https:\/\/i0.wp.com\/foreverfireflies.com\/wp-content\/uploads\/2025\/03\/Share-1897262700840526124-8-150x150.jpg?resize=150%2C150&#038;ssl=1\" alt=\"\" class=\"wp-image-941\"\/><\/figure>\n<\/figure>\n<\/div>\n\n\n\n<div class=\"wp-block-column is-vertically-aligned-center is-layout-flow wp-block-column-is-layout-flow\">\n<div class=\"wp-block-group is-vertical is-layout-flex wp-container-core-group-is-layout-fe9cc265 wp-block-group-is-layout-flex\">\n<div class=\"wp-block-group is-vertical is-layout-flex wp-container-core-group-is-layout-18db1c31 wp-block-group-is-layout-flex\" style=\"padding-top:0;padding-bottom:0\"><h3 style=\"font-style:normal;font-weight:300;\" class=\"wp-block-post-title\"><a href=\"https:\/\/foreverfireflies.com\/es\/2025\/05\/26\/when-the-brain-fog-rolls-in\/\" target=\"_self\" >\u00bfEst\u00e1 tu biblioteca cerebral perdida en la niebla? Trucos para encontrar esos libros perdidos&#8230; um Pensamientos.<\/a><\/h3>\n\n<div style=\"color:#933e1280; font-style:normal;font-weight:300;\" class=\"wp-block-post-date has-text-color\"><time datetime=\"2025-05-26T14:42:13-04:00\">26 de mayo de 2025<\/time><\/div><\/div>\n\n\n<div class=\"wp-block-post-excerpt\"><p class=\"wp-block-post-excerpt__excerpt\">&#13; Uno de los efectos m\u00e1s significativos, aunque a menudo poco abordado, de la disminuci\u00f3n de estr\u00f3genos es su papel en la creaci\u00f3n de niebla cerebral. Es esa sensaci\u00f3n frustrante cuando tu mente se convierte en una \u00abBiblioteca de Pensamientos Perdidos\u00bb, y recuperar un recuerdo concreto o un nombre familiar se siente como buscar en <a class=\"wp-block-post-excerpt__more-link\" href=\"https:\/\/foreverfireflies.com\/es\/2025\/05\/26\/when-the-brain-fog-rolls-in\/\">Sigue leyendo \u2192<\/a><\/p><\/div><\/div>\n<\/div>\n<\/div>\n\n\n\n<div style=\"height:10px\" aria-hidden=\"true\" class=\"wp-block-spacer\"><\/div>\n\n\n\n<\/li><li class=\"wp-block-post post-729 post type-post status-publish format-standard has-post-thumbnail hentry category-sin-categoria tag-menopausia tag-perimenopausia tag-salud tag-salud-de-la-mujer\">\n\n<div class=\"wp-block-columns alignwide are-vertically-aligned-center is-layout-flex wp-container-core-columns-is-layout-28f84493 wp-block-columns-is-layout-flex\">\n<div class=\"wp-block-column is-vertically-aligned-center is-layout-flow wp-block-column-is-layout-flow\" style=\"flex-basis:33%\">\n<figure class=\"wp-block-gallery has-nested-images columns-default is-cropped wp-block-gallery-3 is-layout-flex wp-block-gallery-is-layout-flex\">\n<figure class=\"wp-block-image size-thumbnail\"><img data-recalc-dims=\"1\" height=\"150\" width=\"150\" decoding=\"async\" data-id=\"941\" src=\"https:\/\/i0.wp.com\/foreverfireflies.com\/wp-content\/uploads\/2025\/03\/Share-1897262700840526124-8-150x150.jpg?resize=150%2C150&#038;ssl=1\" alt=\"\" class=\"wp-image-941\"\/><\/figure>\n<\/figure>\n<\/div>\n\n\n\n<div class=\"wp-block-column is-vertically-aligned-center is-layout-flow wp-block-column-is-layout-flow\">\n<div class=\"wp-block-group is-vertical is-layout-flex wp-container-core-group-is-layout-fe9cc265 wp-block-group-is-layout-flex\">\n<div class=\"wp-block-group is-vertical is-layout-flex wp-container-core-group-is-layout-18db1c31 wp-block-group-is-layout-flex\" style=\"padding-top:0;padding-bottom:0\"><h3 style=\"font-style:normal;font-weight:300;\" class=\"wp-block-post-title\"><a href=\"https:\/\/foreverfireflies.com\/es\/2025\/03\/26\/this-is-too-soon\/\" target=\"_self\" >Esto es demasiado pronto&#8230;<\/a><\/h3>\n\n<div style=\"color:#933e1280; font-style:normal;font-weight:300;\" class=\"wp-block-post-date has-text-color\"><time datetime=\"2025-03-26T14:43:45-04:00\">26 de marzo de 2025<\/time><\/div><\/div>\n\n\n<div class=\"wp-block-post-excerpt\"><p class=\"wp-block-post-excerpt__excerpt\">\u00c9stas eran las palabras que mi mente se hab\u00eda negado obstinadamente a pronunciar, pasando de ser un susurro a convertirse en plena conciencia. A los 39 a\u00f1os, empec\u00e9 bruscamente a tener sofocos. Mirando hacia atr\u00e1s, parec\u00eda un episodio de Las chicas de oro. Para los que recordemos el episodio, se refiere a Blanche, que pensaba <a class=\"wp-block-post-excerpt__more-link\" href=\"https:\/\/foreverfireflies.com\/es\/2025\/03\/26\/this-is-too-soon\/\">Sigue leyendo \u2192<\/a><\/p><\/div><\/div>\n<\/div>\n<\/div>\n\n\n\n<div style=\"height:10px\" aria-hidden=\"true\" class=\"wp-block-spacer\"><\/div>\n\n\n\n<\/li><li class=\"wp-block-post post-723 post type-post status-publish format-standard has-post-thumbnail hentry category-sin-categoria\">\n\n<div class=\"wp-block-columns alignwide are-vertically-aligned-center is-layout-flex wp-container-core-columns-is-layout-28f84493 wp-block-columns-is-layout-flex\">\n<div class=\"wp-block-column is-vertically-aligned-center is-layout-flow wp-block-column-is-layout-flow\" style=\"flex-basis:33%\">\n<figure class=\"wp-block-gallery has-nested-images columns-default is-cropped wp-block-gallery-4 is-layout-flex wp-block-gallery-is-layout-flex\">\n<figure class=\"wp-block-image size-thumbnail\"><img data-recalc-dims=\"1\" height=\"150\" width=\"150\" decoding=\"async\" data-id=\"941\" src=\"https:\/\/i0.wp.com\/foreverfireflies.com\/wp-content\/uploads\/2025\/03\/Share-1897262700840526124-8-150x150.jpg?resize=150%2C150&#038;ssl=1\" alt=\"\" class=\"wp-image-941\"\/><\/figure>\n<\/figure>\n<\/div>\n\n\n\n<div class=\"wp-block-column is-vertically-aligned-center is-layout-flow wp-block-column-is-layout-flow\">\n<div class=\"wp-block-group is-vertical is-layout-flex wp-container-core-group-is-layout-fe9cc265 wp-block-group-is-layout-flex\">\n<div class=\"wp-block-group is-vertical is-layout-flex wp-container-core-group-is-layout-18db1c31 wp-block-group-is-layout-flex\" style=\"padding-top:0;padding-bottom:0\"><h3 style=\"font-style:normal;font-weight:300;\" class=\"wp-block-post-title\"><a href=\"https:\/\/foreverfireflies.com\/es\/2025\/03\/26\/the-myth-of-just-a-phase\/\" target=\"_self\" >El mito de \u00abs\u00f3lo una fase\u00bb &#8211; \u00bfHace calor aqu\u00ed o son s\u00f3lo siglos de sexismo m\u00e9dico?<\/a><\/h3>\n\n<div style=\"color:#933e1280; font-style:normal;font-weight:300;\" class=\"wp-block-post-date has-text-color\"><time datetime=\"2025-03-26T14:42:39-04:00\">26 de marzo de 2025<\/time><\/div><\/div>\n\n\n<div class=\"wp-block-post-excerpt\"><p class=\"wp-block-post-excerpt__excerpt\">La menopausia no es \u00abs\u00f3lo una fase\u00bb que hay que superar: es un viaje misterioso sin reembolso. Noticia de \u00faltima hora: para muchas, no es una breve parada en boxes; puede parecerse m\u00e1s a un vuelo de larga distancia con turbulencias inesperadas. Esto va m\u00e1s al grano: Conoce al Estr\u00f3geno: La ex-CEO de tu cuerpo <a class=\"wp-block-post-excerpt__more-link\" href=\"https:\/\/foreverfireflies.com\/es\/2025\/03\/26\/the-myth-of-just-a-phase\/\">Sigue leyendo \u2192<\/a><\/p><\/div><\/div>\n<\/div>\n<\/div>\n\n\n\n<div style=\"height:10px\" aria-hidden=\"true\" class=\"wp-block-spacer\"><\/div>\n\n\n\n<\/li><\/ul>\n\n\n<div style=\"height:60px\" aria-hidden=\"true\" class=\"wp-block-spacer\"><\/div>\n\n\n<nav class=\"wp-block-query-pagination is-content-justification-space-between is-layout-flex wp-container-core-query-pagination-is-layout-b2891da8 wp-block-query-pagination-is-layout-flex\" aria-label=\"Paginaci\u00f3n\">\n\n\n<div class=\"wp-block-query-pagination-numbers\"><span aria-label=\"P\u00e1gina 1\" aria-current=\"page\" class=\"page-numbers current\">1<\/span>\n<a aria-label=\"P\u00e1gina 2\" class=\"page-numbers\" href=\"?query-19-page=2\">2<\/a><\/div>\n\n<a href=\"\/es\/wp-json\/wp\/v2\/pages\/557?query-19-page=2\" class=\"wp-block-query-pagination-next\">P\u00e1gina siguiente<span class='wp-block-query-pagination-next-arrow is-arrow-arrow' aria-hidden='true'>\u2192<\/span><\/a>\n<\/nav><\/div>\n","protected":false},"excerpt":{"rendered":"","protected":false},"author":263198898,"featured_media":0,"parent":0,"menu_order":0,"comment_status":"closed","ping_status":"closed","template":"","meta":{"footnotes":""},"class_list":["post-557","page","type-page","status-publish","hentry"],"yoast_head":"<!-- This site is optimized with the Yoast SEO plugin v27.6 - https:\/\/yoast.com\/product\/yoast-seo-wordpress\/ -->\n<title>Blog - Forever Fireflies<\/title>\n<meta name=\"robots\" content=\"index, follow, max-snippet:-1, max-image-preview:large, max-video-preview:-1\" \/>\n<link rel=\"canonical\" href=\"https:\/\/foreverfireflies.com\/es\/blog\/\" \/>\n<link rel=\"next\" href=\"https:\/\/foreverfireflies.com\/es\/blog\/557\/?query-19-page=2\" \/>\n<meta property=\"og:locale\" content=\"es_ES\" \/>\n<meta property=\"og:type\" content=\"article\" \/>\n<meta property=\"og:title\" content=\"Blog - Forever Fireflies\" \/>\n<meta property=\"og:url\" content=\"https:\/\/foreverfireflies.com\/es\/blog\/\" \/>\n<meta property=\"og:site_name\" content=\"Forever Fireflies\" \/>\n<meta property=\"article:modified_time\" content=\"2025-04-01T03:27:05+00:00\" \/>\n<meta property=\"og:image\" content=\"https:\/\/foreverfireflies.com\/wp-content\/uploads\/2025\/03\/7298641610211072851-1024x728.jpg\" \/>\n<meta name=\"twitter:card\" content=\"summary_large_image\" \/>\n<script type=\"application\/ld+json\" class=\"yoast-schema-graph\">{\"@context\":\"https:\\\/\\\/schema.org\",\"@graph\":[{\"@type\":\"WebPage\",\"@id\":\"https:\\\/\\\/foreverfireflies.com\\\/es\\\/blog\\\/\",\"url\":\"https:\\\/\\\/foreverfireflies.com\\\/es\\\/blog\\\/\",\"name\":\"Blog - Forever Fireflies\",\"isPartOf\":{\"@id\":\"https:\\\/\\\/foreverfireflies.com\\\/es\\\/#website\"},\"primaryImageOfPage\":{\"@id\":\"https:\\\/\\\/foreverfireflies.com\\\/es\\\/blog\\\/#primaryimage\"},\"image\":{\"@id\":\"https:\\\/\\\/foreverfireflies.com\\\/es\\\/blog\\\/#primaryimage\"},\"thumbnailUrl\":\"https:\\\/\\\/foreverfireflies.com\\\/wp-content\\\/uploads\\\/2025\\\/03\\\/7298641610211072851-1024x728.jpg\",\"datePublished\":\"2023-05-19T12:32:10+00:00\",\"dateModified\":\"2025-04-01T03:27:05+00:00\",\"breadcrumb\":{\"@id\":\"https:\\\/\\\/foreverfireflies.com\\\/es\\\/blog\\\/#breadcrumb\"},\"inLanguage\":\"es\",\"potentialAction\":[{\"@type\":\"ReadAction\",\"target\":[\"https:\\\/\\\/foreverfireflies.com\\\/es\\\/blog\\\/\"]}]},{\"@type\":\"ImageObject\",\"inLanguage\":\"es\",\"@id\":\"https:\\\/\\\/foreverfireflies.com\\\/es\\\/blog\\\/#primaryimage\",\"url\":\"https:\\\/\\\/foreverfireflies.com\\\/wp-content\\\/uploads\\\/2025\\\/03\\\/7298641610211072851-1024x728.jpg\",\"contentUrl\":\"https:\\\/\\\/foreverfireflies.com\\\/wp-content\\\/uploads\\\/2025\\\/03\\\/7298641610211072851-1024x728.jpg\"},{\"@type\":\"BreadcrumbList\",\"@id\":\"https:\\\/\\\/foreverfireflies.com\\\/es\\\/blog\\\/#breadcrumb\",\"itemListElement\":[{\"@type\":\"ListItem\",\"position\":1,\"name\":\"Inicio\",\"item\":\"https:\\\/\\\/foreverfireflies.com\\\/es\\\/\"},{\"@type\":\"ListItem\",\"position\":2,\"name\":\"Blog\"}]},{\"@type\":\"WebSite\",\"@id\":\"https:\\\/\\\/foreverfireflies.com\\\/es\\\/#website\",\"url\":\"https:\\\/\\\/foreverfireflies.com\\\/es\\\/\",\"name\":\"Forever Fireflies\",\"description\":\"Comprehensive Menopause Support &amp; Wellness Blog Guide\",\"publisher\":{\"@id\":\"https:\\\/\\\/foreverfireflies.com\\\/es\\\/#organization\"},\"potentialAction\":[{\"@type\":\"SearchAction\",\"target\":{\"@type\":\"EntryPoint\",\"urlTemplate\":\"https:\\\/\\\/foreverfireflies.com\\\/es\\\/?s={search_term_string}\"},\"query-input\":{\"@type\":\"PropertyValueSpecification\",\"valueRequired\":true,\"valueName\":\"search_term_string\"}}],\"inLanguage\":\"es\"},{\"@type\":\"Organization\",\"@id\":\"https:\\\/\\\/foreverfireflies.com\\\/es\\\/#organization\",\"name\":\"Luci\u00e9rnagas para siempre\",\"url\":\"https:\\\/\\\/foreverfireflies.com\\\/es\\\/\",\"logo\":{\"@type\":\"ImageObject\",\"inLanguage\":\"es\",\"@id\":\"https:\\\/\\\/foreverfireflies.com\\\/es\\\/#\\\/schema\\\/logo\\\/image\\\/\",\"url\":\"https:\\\/\\\/i0.wp.com\\\/foreverfireflies.com\\\/wp-content\\\/uploads\\\/2025\\\/03\\\/site-logo.png?fit=440%2C375&ssl=1\",\"contentUrl\":\"https:\\\/\\\/i0.wp.com\\\/foreverfireflies.com\\\/wp-content\\\/uploads\\\/2025\\\/03\\\/site-logo.png?fit=440%2C375&ssl=1\",\"width\":440,\"height\":375,\"caption\":\"Luci\u00e9rnagas para siempre\"},\"image\":{\"@id\":\"https:\\\/\\\/foreverfireflies.com\\\/es\\\/#\\\/schema\\\/logo\\\/image\\\/\"}}]}<\/script>\n<!-- \/ Yoast SEO plugin. -->","yoast_head_json":{"title":"Blog - Forever Fireflies","robots":{"index":"index","follow":"follow","max-snippet":"max-snippet:-1","max-image-preview":"max-image-preview:large","max-video-preview":"max-video-preview:-1"},"canonical":"https:\/\/foreverfireflies.com\/es\/blog\/","next":"https:\/\/foreverfireflies.com\/es\/blog\/557?query-19-page=2","og_locale":"es_ES","og_type":"article","og_title":"Blog - Forever Fireflies","og_url":"https:\/\/foreverfireflies.com\/es\/blog\/","og_site_name":"Forever Fireflies","article_modified_time":"2025-04-01T03:27:05+00:00","og_image":[{"url":"https:\/\/foreverfireflies.com\/wp-content\/uploads\/2025\/03\/7298641610211072851-1024x728.jpg","type":"","width":"","height":""}],"twitter_card":"summary_large_image","schema":{"@context":"https:\/\/schema.org","@graph":[{"@type":"WebPage","@id":"https:\/\/foreverfireflies.com\/es\/blog\/","url":"https:\/\/foreverfireflies.com\/es\/blog\/","name":"Blog - Forever Fireflies","isPartOf":{"@id":"https:\/\/foreverfireflies.com\/es\/#website"},"primaryImageOfPage":{"@id":"https:\/\/foreverfireflies.com\/es\/blog\/#primaryimage"},"image":{"@id":"https:\/\/foreverfireflies.com\/es\/blog\/#primaryimage"},"thumbnailUrl":"https:\/\/foreverfireflies.com\/wp-content\/uploads\/2025\/03\/7298641610211072851-1024x728.jpg","datePublished":"2023-05-19T12:32:10+00:00","dateModified":"2025-04-01T03:27:05+00:00","breadcrumb":{"@id":"https:\/\/foreverfireflies.com\/es\/blog\/#breadcrumb"},"inLanguage":"es","potentialAction":[{"@type":"ReadAction","target":["https:\/\/foreverfireflies.com\/es\/blog\/"]}]},{"@type":"ImageObject","inLanguage":"es","@id":"https:\/\/foreverfireflies.com\/es\/blog\/#primaryimage","url":"https:\/\/foreverfireflies.com\/wp-content\/uploads\/2025\/03\/7298641610211072851-1024x728.jpg","contentUrl":"https:\/\/foreverfireflies.com\/wp-content\/uploads\/2025\/03\/7298641610211072851-1024x728.jpg"},{"@type":"BreadcrumbList","@id":"https:\/\/foreverfireflies.com\/es\/blog\/#breadcrumb","itemListElement":[{"@type":"ListItem","position":1,"name":"Inicio","item":"https:\/\/foreverfireflies.com\/es\/"},{"@type":"ListItem","position":2,"name":"Blog"}]},{"@type":"WebSite","@id":"https:\/\/foreverfireflies.com\/es\/#website","url":"https:\/\/foreverfireflies.com\/es\/","name":"Forever Fireflies","description":"Comprehensive Menopause Support &amp; Wellness Blog Guide","publisher":{"@id":"https:\/\/foreverfireflies.com\/es\/#organization"},"potentialAction":[{"@type":"SearchAction","target":{"@type":"EntryPoint","urlTemplate":"https:\/\/foreverfireflies.com\/es\/?s={search_term_string}"},"query-input":{"@type":"PropertyValueSpecification","valueRequired":true,"valueName":"search_term_string"}}],"inLanguage":"es"},{"@type":"Organization","@id":"https:\/\/foreverfireflies.com\/es\/#organization","name":"Luci\u00e9rnagas para siempre","url":"https:\/\/foreverfireflies.com\/es\/","logo":{"@type":"ImageObject","inLanguage":"es","@id":"https:\/\/foreverfireflies.com\/es\/#\/schema\/logo\/image\/","url":"https:\/\/i0.wp.com\/foreverfireflies.com\/wp-content\/uploads\/2025\/03\/site-logo.png?fit=440%2C375&ssl=1","contentUrl":"https:\/\/i0.wp.com\/foreverfireflies.com\/wp-content\/uploads\/2025\/03\/site-logo.png?fit=440%2C375&ssl=1","width":440,"height":375,"caption":"Luci\u00e9rnagas para siempre"},"image":{"@id":"https:\/\/foreverfireflies.com\/es\/#\/schema\/logo\/image\/"}}]}},"jetpack_likes_enabled":true,"jetpack_sharing_enabled":true,"jetpack_shortlink":"https:\/\/wp.me\/PgpL6e-8Z","jetpack-related-posts":[],"_links":{"self":[{"href":"https:\/\/foreverfireflies.com\/es\/wp-json\/wp\/v2\/pages\/557","targetHints":{"allow":["GET"]}}],"collection":[{"href":"https:\/\/foreverfireflies.com\/es\/wp-json\/wp\/v2\/pages"}],"about":[{"href":"https:\/\/foreverfireflies.com\/es\/wp-json\/wp\/v2\/types\/page"}],"author":[{"embeddable":true,"href":"https:\/\/foreverfireflies.com\/es\/wp-json\/wp\/v2\/users\/263198898"}],"replies":[{"embeddable":true,"href":"https:\/\/foreverfireflies.com\/es\/wp-json\/wp\/v2\/comments?post=557"}],"version-history":[{"count":0,"href":"https:\/\/foreverfireflies.com\/es\/wp-json\/wp\/v2\/pages\/557\/revisions"}],"wp:attachment":[{"href":"https:\/\/foreverfireflies.com\/es\/wp-json\/wp\/v2\/media?parent=557"}],"curies":[{"name":"wp","href":"https:\/\/api.w.org\/{rel}","templated":true}]}}